{"id":16,"date":"2025-01-27T08:51:21","date_gmt":"2025-01-27T07:51:21","guid":{"rendered":"https:\/\/ciabatiska.com\/?page_id=16"},"modified":"2025-07-16T15:01:20","modified_gmt":"2025-07-16T13:01:20","slug":"legal","status":"publish","type":"page","link":"https:\/\/ciabatiska.com\/ca\/legal\/","title":{"rendered":"Av\u00eds legal"},"content":{"rendered":"<div data-elementor-type=\"wp-page\" data-elementor-id=\"16\" class=\"elementor elementor-16\" data-elementor-post-type=\"page\">\n\t\t\t\t<div class=\"elementor-element elementor-element-bd6b8b0 e-flex e-con-boxed e-con e-parent\" data-id=\"bd6b8b0\" data-element_type=\"container\" data-e-type=\"container\">\n\t\t\t\t\t<div class=\"e-con-inner\">\n\t\t\t\t<div class=\"elementor-element elementor-element-4eaca75 elementor-widget elementor-widget-heading\" data-id=\"4eaca75\" data-element_type=\"widget\" data-e-type=\"widget\" data-widget_type=\"heading.default\">\n\t\t\t\t<div class=\"elementor-widget-container\">\n\t\t\t\t\t<h1 class=\"elementor-heading-title elementor-size-default\">Av\u00eds legal<\/h1>\t\t\t\t<\/div>\n\t\t\t\t<\/div>\n\t\t\t\t<div class=\"elementor-element elementor-element-cc65e69 elementor-widget elementor-widget-text-editor\" data-id=\"cc65e69\" data-element_type=\"widget\" data-e-type=\"widget\" data-widget_type=\"text-editor.default\">\n\t\t\t\t<div class=\"elementor-widget-container\">\n\t\t\t\t\t\t\t\t\t<div class=\"row\"><div class=\"col col-xl-10 mx-auto\"><div class=\"paper\"><header class=\"text-center\"><h2 class=\"m-auto\">AV\u00cdS LEGAL I CONDICIONS GENERALS D&#039;\u00daS<\/h2><h4><span class=\"blanc-space ng-binding\">http:\/\/ciabatiska.com\/<\/span><\/h4><\/header><div><h3>I. INFORMACI\u00d3 GENERAL<\/h3><p>En compliment del deure d&#039;informaci\u00f3 establert en la Llei 34\/2002 de Serveis de la Societat de la Informaci\u00f3 i de Comer\u00e7 Electr\u00f2nic (la LSSI-CE), de 11 de juliol, sempre a sota de les seg\u00fcents dades d&#039;informaci\u00f3 general d&#039;aquest lloc web:<\/p><p>La propietat d&#039;aquest lloc web, <span class=\"blanc-space ng-binding\">http:\/\/ciabatiska.com\/<\/span>(d&#039;ara endavant, la Web), la t\u00e9: <span class=\"blanc-space ng-binding\">Jorge Castro Batista<\/span>amb NIF: <span class=\"blanc-space ng-binding\">44486506K<\/span>, i les dades de contacte s\u00f3n:<\/p><p class=\"ng-hide\">La propietat d&#039;aquest lloc web, <span class=\"blanc-space ng-binding\">http:\/\/ciabatiska.com\/<\/span>(d&#039;ara endavant, la Web) usos: com a n\u00famero: e inscrita en: amb les seg\u00fcents dades de registre: , representant de la qual \u00e9s: , i les dades de contacte s\u00f3n:<\/p><p>Adre\u00e7a: <span class=\"blanc-space ng-binding\">Carrer Mart, n\u00famero 18, 2n 2a, Sant Adri\u00e0 del Bes\u00f2s, Barcelona, 08930<\/span><\/p><p>Contacte tel\u00e8fon: <span class=\"blanc-space ng-binding\">+34654942082<\/span><\/p><p class=\"ng-hide\">Fax:<\/p><p>Correu De Contacte: <span class=\"blanc-space ng-binding\">jorge.a.castro@hotmail.com<\/span><\/p><h3>II. CONDICIONS GENERALS D&#039;\u00daS<\/h3><h4>L&#039;objecte de les condicions: El lloc Web<\/h4><p>L&#039;objecte de les presents Condicions Generals d&#039;\u00das (en endavant, Condicions) \u00e9s regular l&#039;acc\u00e9s i l&#039;\u00fas del lloc Web. Per l&#039;efecte de les presents termes i Condicions, ha de ser interpretat com a Lloc Web: l&#039;aparen\u00e7a externa de les interf\u00edcies de pantalla, tant est\u00e0tiques com din\u00e0miques, \u00e9s a dir, l&#039;arbre de navegaci\u00f3; i tots els elements integrats en tant la pantalla interf\u00edcies i en l&#039;arbre de navegaci\u00f3 (en endavant, Continguts) i tots aquells serveis i recursos en l\u00ednia en el seu cas, facilitar a l&#039;Usuari (d&#039;ara endavant, Serveis).<\/p><p><span class=\"blanc-space ng-binding\">Empresa Batiska<\/span> es reserva el dret a modificar, en qualsevol moment, i sense av\u00eds previ, la presentaci\u00f3 i configuraci\u00f3 del lloc Web i dels Continguts i Serveis que es podrien incorporar. L&#039;Usuari reconeix i accepta que en qualsevol moment <span class=\"blanc-space ng-binding\">Empresa Batiska<\/span> pugui interrompre, desactivar i\/o cancel\u00b7lar qualsevol d&#039;aquests elements s&#039;integren en el lloc Web o de l&#039;acc\u00e9s a ells.<\/p><p>L&#039;acc\u00e9s al lloc Web per part de l&#039;Usuari \u00e9s gratu\u00eft i, com a regla general, \u00e9s lliure sense que l&#039;Usuari hagi de proporcionar una consideraci\u00f3 per a poder gaudir-lo, excepte el cost de la connexi\u00f3 a trav\u00e9s de la xarxa de telecomunicacions subministrada pel prove\u00efdor d&#039;acc\u00e9s contractat per l&#039;Usuari.<\/p><p class=\"ng-hide\">A part del cost de connexi\u00f3 a trav\u00e9s de la xarxa de telecomunicacions subministrada pel prove\u00efdor d&#039;acc\u00e9s, i els contractats per l&#039;Usuari, alguns dels Continguts o Serveis oferts per <span class=\"blanc-space ng-binding\">Empresa Batiska<\/span> o, en el seu cas, de tercers a trav\u00e9s del lloc Web poden estar subjectes a la contractaci\u00f3 pr\u00e8via del Contingut o Servei, en el qual cas s&#039;haur\u00e0 d&#039;especificar de forma clara i\/o estar disponibles per a l&#039;Usuari de la corresponent Generals o Particulars per les quals es regeix.<\/p><p>L&#039;\u00fas de qualsevol dels Continguts o Serveis de la Web es pot fer mitjan\u00e7ant la subscripci\u00f3 o el registre previ de l&#039;Usuari.<\/p><p class=\"ng-hide\">L&#039;\u00fas dels Continguts no exigeix la pr\u00e8via subscripci\u00f3 o registre.<\/p><h4>Usuari<\/h4><p>L&#039;acc\u00e9s, navegaci\u00f3 i \u00fas del lloc Web, aix\u00ed com els espais que s&#039;estigui habilitat per a interactuar entre els Usuaris, i l&#039;Usuari, i <span class=\"blanc-space ng-binding\">Empresa Batiska<\/span>com els comentaris i\/o espais de blocs confereix la condici\u00f3 d&#039;Usuari, acceptant, des de que es comen\u00e7a la navegaci\u00f3 per la p\u00e0gina Web, totes les Condicions aqu\u00ed establertes, aix\u00ed com les seves posteriors modificacions, sense perjudici de l&#039;aplicaci\u00f3 de la normativa corresponent, el compliment legal segons el cas. Donada la rellev\u00e0ncia de l&#039;anterior, es recomana a l&#039;Usuari llegir-les cada vegada que visiti el Lloc Web.<\/p><p>El Lloc Web de <span class=\"blanc-space ng-binding\">Empresa Batiska<\/span> ofereix una gran diversitat d&#039;informaci\u00f3, serveis i dades. L&#039;Usuari assumeix la seva responsabilitat per fer un \u00fas correcte de la Web. Aquesta responsabilitat s&#039;estendr\u00e0 a:<\/p><ul><li>L&#039;\u00fas de la informaci\u00f3, Continguts i\/o Serveis i dades oferts per <span class=\"blanc-space ng-binding\">Empresa Batiska<\/span> sense que sigui contr\u00e0ria al que disposa les presents Condicions, la Llei, la moral o l&#039;ordre p\u00fablic, o que de qualsevol altra manera puguin suposar lesi\u00f3 dels drets de tercers o del mateix funcionament del lloc Web.<\/li><li>La veracitat i licitud de les informacions aportades per l&#039;Usuari en els formularis estesos per <span class=\"blanc-space ng-binding\">Empresa Batiska<\/span> per a l&#039;acc\u00e9s a determinats Continguts o Serveis oferts per la Web. En qualsevol cas, l&#039;Usuari haur\u00e0 de notificar immediatament a <span class=\"blanc-space ng-binding\">Empresa Batiska<\/span> sobre qualsevol fet que permeti l&#039;\u00fas indegut de la informaci\u00f3 recollida en aquestes formes, com per exemple, per\u00f2 no es limiten a, el robatori, p\u00e8rdua, tractament o acc\u00e9s no autoritzat a identificadors i\/o contrasenyes, per tal de procedir a la seva immediata cancel\u00b7laci\u00f3.<\/li><\/ul><p><span class=\"blanc-space ng-binding\">Empresa Batiska<\/span> es reserva el dret de retirar tots els comentaris i aportacions que vulnerin la legalitat, el respecte a la dignitat de la persona, que siguin discriminatoris, xen\u00f2fobs, racistes, pornogr\u00e0fics, spam, que atemptin contra la joventut o la inf\u00e0ncia, l&#039;ordre o la seguretat p\u00fablica o que, al seu parer, no s\u00f3n adients per a la seva publicaci\u00f3.<\/p><p>En qualsevol cas, <span class=\"blanc-space ng-binding\">Empresa Batiska<\/span> no es far\u00e0 responsable de les opinions expressades pels Usuaris a trav\u00e9s dels comentaris o altres eines per blocs o per la participaci\u00f3 que pot ser.<\/p><p>El simple acc\u00e9s a aquest lloc Web no implica cap tipus de relaci\u00f3 comercial entre <span class=\"blanc-space ng-binding\">Empresa Batiska<\/span> i l&#039;Usuari.<\/p><p>L&#039;Usuari declara ser major d&#039;edat i tenir la capacitat jur\u00eddica suficient per vincular-se per aquestes Condicions. Per tant, aquest Lloc Web <span class=\"blanc-space ng-binding\">Empresa Batiska<\/span> no es dirigeix a menors d&#039;edat. <span class=\"blanc-space ng-binding\">Empresa Batiska<\/span> s&#039;eximeix de qualsevol responsabilitat per l&#039;incompliment d&#039;aquest requisit.<\/p><p class=\"ng-hide\">Sempre en el respecte de la legislaci\u00f3 en vigor d&#039;aquesta Web <span class=\"blanc-space ng-binding\">Empresa Batiska<\/span> es dirigeix a totes les persones, independentment de la seva edat, a l&#039;acc\u00e9s i\/o navegaci\u00f3 per les p\u00e0gines del Lloc Web.<\/p><p>La p\u00e0gina Web est\u00e0 dirigit principalment a Usuaris residents a <span class=\"blanc-space ng-binding\">Espanya<\/span>. <span class=\"blanc-space ng-binding\">Empresa Batiska<\/span> no garantir que el lloc Web compleix amb les lleis d&#039;altres pa\u00efsos, ja sigui totalment o parcialment. Si l&#039;Usuari resideix o t\u00e9 el seu domicili en un altre lloc i decidir per a l&#039;acc\u00e9s i\/o navegar en el lloc Web, ho fa sota la seva pr\u00f2pia responsabilitat, cal garantir que aquest acc\u00e9s i navegaci\u00f3 per complir amb la legislaci\u00f3 de r\u00e8gim local que sigui aplicable, no assumint <span class=\"blanc-space ng-binding\">Empresa Batiska<\/span> qualsevol responsabilitat que es pugui derivar d&#039;aquest acc\u00e9s.<\/p><h3>III. L&#039;ACC\u00c9S I NAVEGACI\u00d3 EN EL LLOC WEB: L&#039;EXCLUSI\u00d3 DE GARANTIES I DE RESPONSABILITAT<\/h3><p><span class=\"blanc-space ng-binding\">Empresa Batiska<\/span> no garanteix la continu\u00eftat, la disponibilitat i la utilitat de la Web, o dels Continguts o Serveis. <span class=\"blanc-space ng-binding\">Empresa Batiska<\/span> far\u00e0 tot el possible per al bon funcionament de la p\u00e0gina Web, no obstant aix\u00f2, no es responsabilitza ni garanteix que l&#039;acc\u00e9s a aquest lloc Web no ser\u00e0 ininterromput o que estigui lliure d&#039;error.<\/p><p>No \u00e9s ni responsable ni garanteix que el contingut o software al que pugui accedir a trav\u00e9s d&#039;aquest Lloc Web, estar\u00e0 lliure d&#039;errors o que puguin causar danys en el sistema inform\u00e0tic (programari i maquinari) de l&#039;Usuari. En qualsevol cas <span class=\"blanc-space ng-binding\">Empresa Batiska<\/span> vost\u00e8 ser\u00e0 responsable per les p\u00e8rdues, danys o perjudicis de qualsevol tipus que sorgeixin per l&#039;acc\u00e9s, navegaci\u00f3 i \u00fas del lloc Web, incloent, per\u00f2 no limitat a, els ocasionats als sistemes inform\u00e0tics o els provocats per la introducci\u00f3 de virus.<\/p><p><span class=\"blanc-space ng-binding\">Empresa Batiska<\/span> tampoc es fa responsable dels danys que puguin ser causats a l&#039;usuari a causa d&#039;un \u00fas inadequat d&#039;aquest Lloc Web. En particular, no es fa responsable en cap cas de les fallades, interrupcions, falta o defecte de les telecomunicacions que poguessin oc\u00f3rrer.<\/p><h3>IV. POL\u00cdTICA D&#039;ENLLA\u00c7OS<\/h3><p>S&#039;informa que el Lloc Web <span class=\"blanc-space ng-binding\">Empresa Batiska<\/span> o vost\u00e8 pot posar a la disposici\u00f3 dels Usuaris a trav\u00e9s d&#039;un enlla\u00e7 (tals com, entre d&#039;altres, links, banners, botons), directoris i motors de cerca que permeten als Usuaris accedir a llocs web pertanyents i\/o gestionats per tercers.<\/p><p>La instal\u00b7laci\u00f3 d&#039;aquests enlla\u00e7os, directoris i motors de cerca al Lloc Web t\u00e9 com a objectiu facilitar als Usuaris la cerca i acc\u00e9s a la informaci\u00f3 disponible a Internet, per\u00f2 que pot ser considerat com un suggeriment, recomanaci\u00f3 o invitaci\u00f3 per visitar-los.<\/p><p><span class=\"blanc-space ng-binding\">Empresa Batiska<\/span> no ofereix ni comercialitza per si ni per mitj\u00e0 de tercers els productes i\/o serveis disponibles en els llocs enlla\u00e7ats.<\/p><p class=\"ng-hide\"><span class=\"blanc-space ng-binding\">Empresa Batiska<\/span> ofereix contingut patrocinat, anuncis i\/o enlla\u00e7os d&#039;afiliats. La informaci\u00f3 que apareix en aquests enlla\u00e7os d&#039;afiliats o els anuncis, s\u00f3n facilitades pels seus anunciants, de manera que <span class=\"blanc-space ng-binding\">Empresa Batiska<\/span> no es responsabilitza de les inexactituds o errors que puguin contenir els anuncis, ni garantia de cap manera l&#039;experi\u00e8ncia, la integritat o la responsabilitat dels anunciants o la qualitat dels seus productes i\/o serveis.<\/p><p>Aix\u00ed mateix, no garanteix la disponibilitat t\u00e8cnica, exactitud, veracitat, validesa o legalitat de llocs externs a la seva propietat que es pugui accedir a trav\u00e9s dels enlla\u00e7os.<\/p><p><span class=\"blanc-space ng-binding\">Empresa Batiska<\/span> en cap cas la revisi\u00f3 o control del contingut d&#039;altres llocs web, ni aprova, a examinar o aprova els productes i serveis, el contingut, arxius i qualsevol altre material existent a les esmentades p\u00e0gines web enlla\u00e7ades.<\/p><p><span class=\"blanc-space ng-binding\">Empresa Batiska<\/span> no assumeix cap responsabilitat pels danys i perjudicis que es puguin derivar de l&#039;acc\u00e9s, \u00fas, qualitat, o la legalitat del contingut, comunicacions, opinions, productes i serveis de les p\u00e0gines web no gestionades per <span class=\"blanc-space ng-binding\">Empresa Batiska<\/span> i que estiguin enlla\u00e7ats a aquest Lloc Web.<\/p><p>L&#039;Usuari o d&#039;un tercer que faci un hiperenlla\u00e7 des de una p\u00e0gina web a una altra, diferent, lloc web, p\u00e0gina Web <span class=\"blanc-space ng-binding\">Empresa Batiska<\/span> heu de saber que:<\/p><p>No es permet la reproducci\u00f3 total o parcial, de qualsevol dels Continguts i\/o Serveis de la Web sense l&#039;autoritzaci\u00f3 expressa de <span class=\"blanc-space ng-binding\">Empresa Batiska<\/span>.<\/p><p>No \u00e9s perm\u00e8s tampoc \u00e9s qualsevol afirmaci\u00f3 que \u00e9s falsa, inexacta o incorrecta informaci\u00f3 a la p\u00e0gina Web <span class=\"blanc-space ng-binding\">Empresa Batiska<\/span>, o dels Continguts i\/o Serveis de la mateixa.<\/p><p>Excepte per l&#039;hiperenlla\u00e7, la p\u00e0gina web en la qual s&#039;estableixi l&#039;hipervincle no contingui cap element d&#039;aquest lloc Web, obres protegides com a propietat intel\u00b7lectual per l&#039;ordenament jur\u00eddic espanyol, excepte amb l&#039;autoritzaci\u00f3 expressa de <span class=\"blanc-space ng-binding\">Empresa Batiska<\/span>.<\/p><p>L&#039;establiment de l&#039;hiperenlla\u00e7 no implica la exist\u00e8ncia de relacions entre <span class=\"blanc-space ng-binding\">Empresa Batiska<\/span> i el propietari de la p\u00e0gina web des de la qual es realitzi, ni el coneixement i acceptaci\u00f3 de <span class=\"blanc-space ng-binding\">Empresa Batiska<\/span> els continguts, serveis i\/o activitats oferts en aquest lloc web, i viceversa.<\/p><h3>V. PROPIETAT INTEL\u00b7LECTUAL I INDUSTRIAL<\/h3><p><span class=\"blanc-space ng-binding\">Empresa Batiska<\/span> per si mateixa o com a cession\u00e0ria, \u00e9s titular de tots els drets de propietat intel\u00b7lectual i industrial del lloc Web, aix\u00ed com dels elements continguts en les mateixes (per exemple, i no a t\u00edtol enunciatiu, imatges, so, \u00e0udio, v\u00eddeo, programari o textos, marques o logotips, combinacions de colors, estructura i disseny, selecci\u00f3 de materials utilitzats, els programes d&#039;ordinador necessaris per al seu funcionament, acc\u00e9s i utilitzaci\u00f3, etc.). Seran, per tant, obres protegides com a propietat intel\u00b7lectual per l&#039;ordenament jur\u00eddic espanyol, que estiguin subjectes a un aplicables tant la normativa espanyola i comunit\u00e0ria en aquest camp, com els tractats internacionals relatius a la mat\u00e8ria i subscrits per Espanya.<\/p><p>Tots els drets reservats. En virtut de les disposicions de la Llei de Propietat Intel\u00b7lectual es prohibeix expressament la reproducci\u00f3, distribuci\u00f3 i comunicaci\u00f3 p\u00fablica, inclosa la seva modalitat de posada a disposici\u00f3, de la totalitat o part dels continguts d&#039;aquesta p\u00e0gina web, amb finalitats comercials, en qualsevol suport i per qualsevol dels mitjans t\u00e8cnics, sense l&#039;autoritzaci\u00f3 de <span class=\"blanc-space ng-binding\">Empresa Batiska<\/span>.<\/p><p>L&#039;Usuari es compromet a respectar els drets de propietat intel\u00b7lectual i industrial <span class=\"blanc-space ng-binding\">Empresa Batiska<\/span>. Vost\u00e8 pot veure els elements del Lloc Web o, fins i tot imprimir-los, copiar-los i emmagatzemar-los al disc dur del seu ordinador o en qualsevol altre suport f\u00edsic sempre que sigui exclusivament per al seu \u00fas personal. L&#039;Usuari, no obstant aix\u00f2, no es podr\u00e0 suprimir, alterar, eludir o manipular qualsevol dispositiu de protecci\u00f3 o sistema de seguretat que es va instal\u00b7lar en el lloc Web.<\/p><p>En el cas que l&#039;Usuari o un tercer consideri que qualsevol dels Continguts de la Web poden ser una violaci\u00f3 dels drets de protecci\u00f3 de la propietat intel\u00b7lectual, ho ha de notificar immediatament a <span class=\"blanc-space ng-binding\">Empresa Batiska<\/span> a trav\u00e9s de les dades de contacte de l&#039;apartat d&#039;INFORMACI\u00d3 GENERAL d&#039;aquest Av\u00eds Legal i Condicions generals d&#039;\u00das.<\/p><h3>VI. ACCIONS LEGALS, LEGISLACI\u00d3 APLICABLE I JURISDICCI\u00d3<\/h3><p><span class=\"blanc-space ng-binding\">Empresa Batiska<\/span> es reserva la facultat de presentar les accions civils o penals que consideri oportunes per la utilitzaci\u00f3 indeguda de la p\u00e0gina Web i Continguts o per l&#039;incompliment de les presents Condicions.<\/p><p>La relaci\u00f3 entre l&#039;Usuari i <span class=\"blanc-space ng-binding\">Empresa Batiska<\/span> es regiran per la normativa vigent aplicable a territori espanyol. Derivar qualsevol controv\u00e8rsia en relaci\u00f3 amb la interpretaci\u00f3 i\/o aplicaci\u00f3 d&#039;aquestes Condicions, les parts, ha de sotmetre els seus conflictes a la jurisdicci\u00f3 ordin\u00e0ria, i subjecte a jutges i tribunals que s&#039;apliquen d&#039;acord amb la llei.<\/p><p>Aquest document Av\u00eds Legal i Condicions Generals d&#039;\u00fas del lloc web ha estat creat pel generador <a class=\"text-body text-decoration-none\" href=\"https:\/\/textos-legales.edgartamarit.com\/\">plantilla av\u00eds legal i condicions d&#039;\u00fas<\/a> en l\u00ednia el dia 16\/07\/2025.<\/p><\/div><\/div><\/div><\/div>\t\t\t\t\t\t\t\t<\/div>\n\t\t\t\t<\/div>\n\t\t\t\t\t<\/div>\n\t\t\t\t<\/div>\n\t\t\t\t<\/div>","protected":false},"excerpt":{"rendered":"<p>AVISO LEGAL Y CONDICIONES GENERALES DE USO http:\/\/ciabatiska.com\/ I. INFORMACI\u00d3N GENERAL En cumplimiento con el deber de informaci\u00f3n dispuesto en la Ley 34\/2002 de Servicios de la Sociedad de la Informaci\u00f3n y el Comercio Electr\u00f3nico (LSSI-CE) de 11 de julio, se facilitan a continuaci\u00f3n los siguientes datos de informaci\u00f3n general de este sitio web: La [&hellip;]<\/p>\n","protected":false},"author":2,"featured_media":0,"parent":0,"menu_order":0,"comment_status":"closed","ping_status":"open","template":"elementor_header_footer","meta":{"footnotes":""},"class_list":["post-16","page","type-page","status-publish","hentry"],"yoast_head":"<!-- This site is optimized with the Yoast SEO plugin v27.4 - https:\/\/yoast.com\/product\/yoast-seo-wordpress\/ -->\n<title>Aviso legal - C\u00eda. Batiska<\/title>\n<meta name=\"description\" content=\"AVISO LEGAL Y CONDICIONES GENERALES DE USO http:\/\/ciabatiska.com\/ I. INFORMACI\u00d3N GENERAL En cumplimiento con el deber de informaci\u00f3n dispuesto en la Ley 34\/2002 de Servicios de la Sociedad de la Informaci\u00f3n y el Comercio Electr\u00f3nico (LSSI-CE) de 11 de julio, se facilitan a continuaci\u00f3n los siguientes datos de informaci\u00f3n general de este sitio web: La [&hellip;]\" \/>\n<meta name=\"robots\" content=\"noindex, follow\" \/>\n<meta property=\"og:locale\" content=\"ca_ES\" \/>\n<meta property=\"og:type\" content=\"article\" \/>\n<meta property=\"og:title\" content=\"Aviso legal - C\u00eda. Batiska\" \/>\n<meta property=\"og:description\" content=\"AVISO LEGAL Y CONDICIONES GENERALES DE USO http:\/\/ciabatiska.com\/ I. INFORMACI\u00d3N GENERAL En cumplimiento con el deber de informaci\u00f3n dispuesto en la Ley 34\/2002 de Servicios de la Sociedad de la Informaci\u00f3n y el Comercio Electr\u00f3nico (LSSI-CE) de 11 de julio, se facilitan a continuaci\u00f3n los siguientes datos de informaci\u00f3n general de este sitio web: La [&hellip;]\" \/>\n<meta property=\"og:url\" content=\"https:\/\/ciabatiska.com\/ca\/legal\/\" \/>\n<meta property=\"og:site_name\" content=\"C\u00eda. Batiska\" \/>\n<meta property=\"article:modified_time\" content=\"2025-07-16T13:01:20+00:00\" \/>\n<meta name=\"twitter:card\" content=\"summary_large_image\" \/>\n<meta name=\"twitter:label1\" content=\"Temps estimat de lectura\" \/>\n\t<meta name=\"twitter:data1\" content=\"10 minuts\" \/>\n<script type=\"application\/ld+json\" class=\"yoast-schema-graph\">{\"@context\":\"https:\\\/\\\/schema.org\",\"@graph\":[{\"@type\":\"WebPage\",\"@id\":\"https:\\\/\\\/ciabatiska.com\\\/legal\\\/\",\"url\":\"https:\\\/\\\/ciabatiska.com\\\/legal\\\/\",\"name\":\"Aviso legal - C\u00eda. Batiska\",\"isPartOf\":{\"@id\":\"https:\\\/\\\/ciabatiska.com\\\/#website\"},\"datePublished\":\"2025-01-27T07:51:21+00:00\",\"dateModified\":\"2025-07-16T13:01:20+00:00\",\"breadcrumb\":{\"@id\":\"https:\\\/\\\/ciabatiska.com\\\/legal\\\/#breadcrumb\"},\"inLanguage\":\"ca\",\"potentialAction\":[{\"@type\":\"ReadAction\",\"target\":[\"https:\\\/\\\/ciabatiska.com\\\/legal\\\/\"]}]},{\"@type\":\"BreadcrumbList\",\"@id\":\"https:\\\/\\\/ciabatiska.com\\\/legal\\\/#breadcrumb\",\"itemListElement\":[{\"@type\":\"ListItem\",\"position\":1,\"name\":\"Portada\",\"item\":\"https:\\\/\\\/ciabatiska.com\\\/\"},{\"@type\":\"ListItem\",\"position\":2,\"name\":\"Aviso legal\"}]},{\"@type\":\"WebSite\",\"@id\":\"https:\\\/\\\/ciabatiska.com\\\/#website\",\"url\":\"https:\\\/\\\/ciabatiska.com\\\/\",\"name\":\"C\u00eda. Batiska\",\"description\":\"espacio donde la danza y el circo se entrelazan para crear espect\u00e1culos memorables y talleres llenos de creatividad y movimiento.\",\"potentialAction\":[{\"@type\":\"SearchAction\",\"target\":{\"@type\":\"EntryPoint\",\"urlTemplate\":\"https:\\\/\\\/ciabatiska.com\\\/?s={search_term_string}\"},\"query-input\":{\"@type\":\"PropertyValueSpecification\",\"valueRequired\":true,\"valueName\":\"search_term_string\"}}],\"inLanguage\":\"ca\"}]}<\/script>\n<!-- \/ Yoast SEO plugin. -->","yoast_head_json":{"title":"Aviso legal - C\u00eda. Batiska","description":"AVISO LEGAL Y CONDICIONES GENERALES DE USO http:\/\/ciabatiska.com\/ I. INFORMACI\u00d3N GENERAL En cumplimiento con el deber de informaci\u00f3n dispuesto en la Ley 34\/2002 de Servicios de la Sociedad de la Informaci\u00f3n y el Comercio Electr\u00f3nico (LSSI-CE) de 11 de julio, se facilitan a continuaci\u00f3n los siguientes datos de informaci\u00f3n general de este sitio web: La [&hellip;]","robots":{"index":"noindex","follow":"follow"},"og_locale":"ca_ES","og_type":"article","og_title":"Aviso legal - C\u00eda. Batiska","og_description":"AVISO LEGAL Y CONDICIONES GENERALES DE USO http:\/\/ciabatiska.com\/ I. INFORMACI\u00d3N GENERAL En cumplimiento con el deber de informaci\u00f3n dispuesto en la Ley 34\/2002 de Servicios de la Sociedad de la Informaci\u00f3n y el Comercio Electr\u00f3nico (LSSI-CE) de 11 de julio, se facilitan a continuaci\u00f3n los siguientes datos de informaci\u00f3n general de este sitio web: La [&hellip;]","og_url":"https:\/\/ciabatiska.com\/ca\/legal\/","og_site_name":"C\u00eda. Batiska","article_modified_time":"2025-07-16T13:01:20+00:00","twitter_card":"summary_large_image","twitter_misc":{"Temps estimat de lectura":"10 minuts"},"schema":{"@context":"https:\/\/schema.org","@graph":[{"@type":"WebPage","@id":"https:\/\/ciabatiska.com\/legal\/","url":"https:\/\/ciabatiska.com\/legal\/","name":"Aviso legal - C\u00eda. Batiska","isPartOf":{"@id":"https:\/\/ciabatiska.com\/#website"},"datePublished":"2025-01-27T07:51:21+00:00","dateModified":"2025-07-16T13:01:20+00:00","breadcrumb":{"@id":"https:\/\/ciabatiska.com\/legal\/#breadcrumb"},"inLanguage":"ca","potentialAction":[{"@type":"ReadAction","target":["https:\/\/ciabatiska.com\/legal\/"]}]},{"@type":"BreadcrumbList","@id":"https:\/\/ciabatiska.com\/legal\/#breadcrumb","itemListElement":[{"@type":"ListItem","position":1,"name":"Portada","item":"https:\/\/ciabatiska.com\/"},{"@type":"ListItem","position":2,"name":"Aviso legal"}]},{"@type":"WebSite","@id":"https:\/\/ciabatiska.com\/#website","url":"https:\/\/ciabatiska.com\/","name":"C\u00eda. Batiska","description":"espacio donde la danza y el circo se entrelazan para crear espect\u00e1culos memorables y talleres llenos de creatividad y movimiento.","potentialAction":[{"@type":"SearchAction","target":{"@type":"EntryPoint","urlTemplate":"https:\/\/ciabatiska.com\/?s={search_term_string}"},"query-input":{"@type":"PropertyValueSpecification","valueRequired":true,"valueName":"search_term_string"}}],"inLanguage":"ca"}]}},"_links":{"self":[{"href":"https:\/\/ciabatiska.com\/ca\/wp-json\/wp\/v2\/pages\/16","targetHints":{"allow":["GET"]}}],"collection":[{"href":"https:\/\/ciabatiska.com\/ca\/wp-json\/wp\/v2\/pages"}],"about":[{"href":"https:\/\/ciabatiska.com\/ca\/wp-json\/wp\/v2\/types\/page"}],"author":[{"embeddable":true,"href":"https:\/\/ciabatiska.com\/ca\/wp-json\/wp\/v2\/users\/2"}],"replies":[{"embeddable":true,"href":"https:\/\/ciabatiska.com\/ca\/wp-json\/wp\/v2\/comments?post=16"}],"version-history":[{"count":8,"href":"https:\/\/ciabatiska.com\/ca\/wp-json\/wp\/v2\/pages\/16\/revisions"}],"predecessor-version":[{"id":1322,"href":"https:\/\/ciabatiska.com\/ca\/wp-json\/wp\/v2\/pages\/16\/revisions\/1322"}],"wp:attachment":[{"href":"https:\/\/ciabatiska.com\/ca\/wp-json\/wp\/v2\/media?parent=16"}],"curies":[{"name":"wp","href":"https:\/\/api.w.org\/{rel}","templated":true}]}}