{"id":18,"date":"2025-01-27T08:52:13","date_gmt":"2025-01-27T07:52:13","guid":{"rendered":"https:\/\/ciabatiska.com\/?page_id=18"},"modified":"2025-07-16T15:01:59","modified_gmt":"2025-07-16T13:01:59","slug":"cookies","status":"publish","type":"page","link":"https:\/\/ciabatiska.com\/ca\/cookies\/","title":{"rendered":"Galetes pol\u00edtica"},"content":{"rendered":"<div data-elementor-type=\"wp-page\" data-elementor-id=\"18\" class=\"elementor elementor-18\" data-elementor-post-type=\"page\">\n\t\t\t\t<div class=\"elementor-element elementor-element-e4f1118 e-flex e-con-boxed e-con e-parent\" data-id=\"e4f1118\" data-element_type=\"container\" data-e-type=\"container\">\n\t\t\t\t\t<div class=\"e-con-inner\">\n\t\t\t\t<div class=\"elementor-element elementor-element-b05e05a elementor-widget elementor-widget-heading\" data-id=\"b05e05a\" data-element_type=\"widget\" data-e-type=\"widget\" data-widget_type=\"heading.default\">\n\t\t\t\t<div class=\"elementor-widget-container\">\n\t\t\t\t\t<h1 class=\"elementor-heading-title elementor-size-default\">Galetes pol\u00edtica<\/h1>\t\t\t\t<\/div>\n\t\t\t\t<\/div>\n\t\t\t\t<div class=\"elementor-element elementor-element-d9aabc2 elementor-widget elementor-widget-text-editor\" data-id=\"d9aabc2\" data-element_type=\"widget\" data-e-type=\"widget\" data-widget_type=\"text-editor.default\">\n\t\t\t\t<div class=\"elementor-widget-container\">\n\t\t\t\t\t\t\t\t\t<div class=\"row\"><div class=\"col-xl-10 mx-auto\"><div class=\"paper\"><header class=\"text-center\"><h2 class=\"m-auto\">GALETES POL\u00cdTICA<\/h2><h4><span class=\"blanc-space ng-binding\">http:\/\/ciabatiska.com\/<\/span><\/h4><\/header><div><p>L&#039;acc\u00e9s a aquesta Web pot implicar la utilitzaci\u00f3 de cookies. Les Cookies s\u00f3n petites quantitats d&#039;informaci\u00f3 que s&#039;emmagatzemen en el navegador utilitzat per cada Usuari en els diferents dispositius que es poden utilitzar per a navegar\u2014 de manera que el servidor recorda certa informaci\u00f3 que posteriorment \u00fanicament el servidor que implementar llegir\u00e0. Les Cookies faciliten la navegaci\u00f3, fer-lo m\u00e9s f\u00e0cil d&#039;usar, i no danyar el dispositiu de navegaci\u00f3.<\/p><p>Les Cookies s\u00f3n procediments autom\u00e0tics de recollida d&#039;informaci\u00f3 relativa a les prefer\u00e8ncies determinades per l&#039;Usuari durant la seva visita a la p\u00e0gina Web per tal d&#039;identificar-lo com a Usuari i personalitzar la teva experi\u00e8ncia i la utilitzaci\u00f3 del lloc Web, i pot tamb\u00e9, per exemple, ajudar a identificar i resoldre els errors.<\/p><p>La informaci\u00f3 recopilada a trav\u00e9s de les cookies, pot incloure la data i l&#039;hora de la p\u00e0gina Web de visites, les p\u00e0gines visitades, el temps ha estat en el lloc Web, els llocs visitats just abans i just despr\u00e9s del mateix. No obstant aix\u00f2, cap cookie permet que el mateix contacte amb l&#039;Usuari n\u00famero de tel\u00e8fon o qualsevol altre mitj\u00e0 de contacte personal. Cap cookie pot extreure informaci\u00f3 del disc dur de l&#039;Usuari o robar informaci\u00f3 personal. L&#039;\u00fanica manera que la informaci\u00f3 privada d&#039;un Usuari formi part de l&#039;arxiu Galeta \u00e9s si l&#039;usuari personalment d\u00f3na aquesta informaci\u00f3 al servidor.<\/p><p>Les Cookies que permeten identificar una persona s\u00f3n considerades dades de car\u00e0cter personal. Per tant, el mateix s&#039;aplicar\u00e0 a la Pol\u00edtica de Privacitat, com es descriu anteriorment. En aquest sentit, per a l&#039;\u00fas de la mateixa ser\u00e0 necessari el consentiment de l&#039;Usuari. Aquest consentiment ser\u00e0 comunicada, a partir d&#039;una selecci\u00f3 d&#039;aut\u00e8ntica oferts a trav\u00e9s d&#039;una decisi\u00f3 afirmativa i positiva, abans del tractament inicial, desmuntable i documentat.<\/p><div class=\"\"><h4>Primer partit de Cookies<\/h4><p>S\u00f3n els &#034;cookies&#034; que s&#039;envia a l&#039;ordinador o l&#039;Usuari del dispositiu i gestionats exclusivament per <span class=\"blanc-space ng-binding\">Empresa Batiska<\/span> per al millor funcionament de la p\u00e0gina Web. La informaci\u00f3 recollida s&#039;utilitza per millorar la qualitat de la Web i el seu Contingut, i la seva experi\u00e8ncia com a Usuari. Aquestes cookies ens permeten recon\u00e8ixer a l&#039;Usuari com a usuari recurrent a la p\u00e0gina Web i adaptar el contingut a oferir continguts que s&#039;adapta a les vostres prefer\u00e8ncies.<\/p><\/div><div class=\"thirdCookies ng-hide\"><h4>Cookies de tercers<\/h4><p>S&#039;utilitzen galetes i gestionats per entitats externes que aportin <span class=\"blanc-space ng-binding\">Empresa Batiska<\/span> serveis sol\u00b7licitats per a la mateixa per a millorar el Web i l&#039;experi\u00e8ncia d&#039;usuari quan es navega per la Web. Els objectius principals per a que les galetes de tercers s\u00f3n utilitzats s\u00f3n per a obtenir estad\u00edstiques d&#039;acc\u00e9s i analitzar la informaci\u00f3 de la navegaci\u00f3, \u00e9s a dir, la manera com l&#039;Usuari interactua amb la Web.<\/p><p>La informaci\u00f3 obtinguda fa refer\u00e8ncia, per exemple, el nombre de p\u00e0gines visitades, de la llengua, el lloc que l&#039;adre\u00e7a IP des de la qual vost\u00e8 accedeix per l&#039;Usuari, el nombre d&#039;Usuaris, la freq\u00fc\u00e8ncia i la reincid\u00e8ncia de les visites, la visita del temps, el navegador utilitzat, l&#039;operador o el tipus de dispositiu des del qual la visita. Aquesta informaci\u00f3 s&#039;utilitza per millorar la p\u00e0gina Web, i detectar noves necessitats per oferir als Usuaris un Contingut i\/o servei de qualitat \u00f2ptima. En qualsevol cas, la informaci\u00f3 es recull de manera an\u00f2nima i es fan informes de tend\u00e8ncies de llocs Web sense identificar els usuaris individuals.<\/p><p>Podeu obtenir m\u00e9s informaci\u00f3 sobre les cookies, privacitat de les dades o consultar la descripci\u00f3 del tipus de galetes que fa servir, les seves principals caracter\u00edstiques, per\u00edode de caducitat, etc., a la seg\u00fcent unitat(s) link(s):<\/p><p class=\"text-wrap ng-binding\">\u00a0<\/p><p>El(s) centre(s) responsable(s) per al subministrament de les cookies, pot(n) transmetre aquesta informaci\u00f3 a tercers, sempre que aquesta sigui requerit per la llei o per un tercer per el tractament d&#039;aquesta informaci\u00f3 per a aquestes entitats.<\/p><\/div><div class=\"\"><h4>Xarxes socials Cookies<\/h4><p><span class=\"blanc-space ng-binding\">Empresa Batiska<\/span> incorpora plugins de les xarxes socials, que permeten accedir-hi des de la p\u00e0gina Web. Per aquest motiu, les xarxes socials, les galetes poden ser emmagatzemen en el navegador de l&#039;Usuari. Els titulars d&#039;aquestes xarxes socials tenen el seu propi protecci\u00f3 de dades pol\u00edtiques i les galetes, ser ells mateixos, en cada cas, responsables dels seus propis fitxers i de les seves pr\u00f2pies pr\u00e0ctiques de privadesa. L&#039;Usuari ha de referir a ells, per a m\u00e9s informaci\u00f3 sobre aquestes cookies i, si escau, el tractament de les seves dades de car\u00e0cter personal. Per a prop\u00f2sits informatius nom\u00e9s seguint els enlla\u00e7os que podeu consultar les presents pol\u00edtiques de privacitat i\/o les galetes:<\/p><ul><li>Facebook: <a class=\"text-info\" href=\"https:\/\/www.facebook.com\/policies\/cookies\/\">https:\/\/www.facebook.com\/policies\/cookies\/<\/a><\/li><li>Twitter: <a class=\"text-info\" href=\"https:\/\/twitter.com\/es\/privacy\">https:\/\/twitter.com\/es\/privacy<\/a><\/li><li>Instagram: <a class=\"text-info\" href=\"https:\/\/help.instagram.com\/1896641480634370?ref=ig\">https:\/\/help.instagram.com\/1896641480634370?ref=ig<\/a><\/li><li>YouTube: <a class=\"text-info\" href=\"https:\/\/policies.google.com\/privacy?hl=es-419&amp;gl=mx\">https:\/\/policies.google.com\/privacy?hl=es-419&amp;gl=mx<\/a><\/li><li>Pinterest: <a class=\"text-info\" href=\"https:\/\/policy.pinterest.com\/es\/privacy-policy\">https:\/\/policy.pinterest.com\/es\/privacy-policy<\/a><\/li><li>LinkedIn: <a class=\"text-info\" href=\"https:\/\/www.linkedin.com\/legal\/cookie-policy?trk=hp-cookies\">https:\/\/www.linkedin.com\/legal\/cookie-policy?trk=hp-cookies<\/a><\/li><\/ul><\/div><h4>Per desactivar, rebutjar i esborrar cookies<\/h4><p>L&#039;Usuari pot desactivar, rebutjar i eliminar les cookies \u2014totalment o parcialment\u2014 instal \u00b7 lat al dispositiu a trav\u00e9s de la configuraci\u00f3 del seu navegador (incloent-hi, per exemple, Chrome, Firefox, Safari, Explorer). En aquest sentit, els procediments per rebutjar i suprimiu les galetes poden diferir d&#039;un navegador d&#039;Internet a un altre. En conseq\u00fc\u00e8ncia, l&#039;Usuari ha de referir-se a les instruccions facilitades pel navegador d&#039;Internet que est\u00e0 utilitzant. En cas de rebutjar l&#039;\u00fas de cookies \u2014totalment o parcialment\u2014 es podr\u00e0 seguir utilitzant el lloc Web, encara que pot tenir limitat l&#039;\u00fas d&#039;algunes de les prestacions de la mateixa.<\/p><p>Aquest document Galeta Pol\u00edtica ha estat creat pel generador <a class=\"text-body text-decoration-none\" href=\"https:\/\/textos-legales.edgartamarit.com\/\">plantilla de pol\u00edtica de galetes web gratis<\/a> en l\u00ednia el dia 16\/07\/2025.<\/p><\/div><\/div><\/div><\/div>\t\t\t\t\t\t\t\t<\/div>\n\t\t\t\t<\/div>\n\t\t\t\t\t<\/div>\n\t\t\t\t<\/div>\n\t\t\t\t<\/div>","protected":false},"excerpt":{"rendered":"<p>POL\u00cdTICA DE COOKIES http:\/\/ciabatiska.com\/ El acceso a este Sitio Web puede implicar la utilizaci\u00f3n de cookies. Las cookies son peque\u00f1as cantidades de informaci\u00f3n que se almacenan en el navegador utilizado por cada Usuario \u2014en los distintos dispositivos que pueda utilizar para navegar\u2014 para que el servidor recuerde cierta informaci\u00f3n que posteriormente y \u00fanicamente el servidor [&hellip;]<\/p>\n","protected":false},"author":2,"featured_media":0,"parent":0,"menu_order":0,"comment_status":"closed","ping_status":"open","template":"elementor_header_footer","meta":{"footnotes":""},"class_list":["post-18","page","type-page","status-publish","hentry"],"yoast_head":"<!-- This site is optimized with the Yoast SEO plugin v27.5 - https:\/\/yoast.com\/product\/yoast-seo-wordpress\/ -->\n<title>Pol\u00edtica de cookies - C\u00eda. Batiska<\/title>\n<meta name=\"robots\" content=\"noindex, follow\" \/>\n<meta property=\"og:locale\" content=\"ca_ES\" \/>\n<meta property=\"og:type\" content=\"article\" \/>\n<meta property=\"og:title\" content=\"Pol\u00edtica de cookies - C\u00eda. Batiska\" \/>\n<meta property=\"og:description\" content=\"POL\u00cdTICA DE COOKIES http:\/\/ciabatiska.com\/ El acceso a este Sitio Web puede implicar la utilizaci\u00f3n de cookies. Las cookies son peque\u00f1as cantidades de informaci\u00f3n que se almacenan en el navegador utilizado por cada Usuario \u2014en los distintos dispositivos que pueda utilizar para navegar\u2014 para que el servidor recuerde cierta informaci\u00f3n que posteriormente y \u00fanicamente el servidor [&hellip;]\" \/>\n<meta property=\"og:url\" content=\"https:\/\/ciabatiska.com\/ca\/cookies\/\" \/>\n<meta property=\"og:site_name\" content=\"C\u00eda. Batiska\" \/>\n<meta property=\"article:modified_time\" content=\"2025-07-16T13:01:59+00:00\" \/>\n<meta name=\"twitter:card\" content=\"summary_large_image\" \/>\n<meta name=\"twitter:label1\" content=\"Temps estimat de lectura\" \/>\n\t<meta name=\"twitter:data1\" content=\"1 minut\" \/>\n<script type=\"application\/ld+json\" class=\"yoast-schema-graph\">{\"@context\":\"https:\\\/\\\/schema.org\",\"@graph\":[{\"@type\":\"WebPage\",\"@id\":\"https:\\\/\\\/ciabatiska.com\\\/cookies\\\/\",\"url\":\"https:\\\/\\\/ciabatiska.com\\\/cookies\\\/\",\"name\":\"Pol\u00edtica de cookies - C\u00eda. Batiska\",\"isPartOf\":{\"@id\":\"https:\\\/\\\/ciabatiska.com\\\/#website\"},\"datePublished\":\"2025-01-27T07:52:13+00:00\",\"dateModified\":\"2025-07-16T13:01:59+00:00\",\"breadcrumb\":{\"@id\":\"https:\\\/\\\/ciabatiska.com\\\/cookies\\\/#breadcrumb\"},\"inLanguage\":\"ca\",\"potentialAction\":[{\"@type\":\"ReadAction\",\"target\":[\"https:\\\/\\\/ciabatiska.com\\\/cookies\\\/\"]}]},{\"@type\":\"BreadcrumbList\",\"@id\":\"https:\\\/\\\/ciabatiska.com\\\/cookies\\\/#breadcrumb\",\"itemListElement\":[{\"@type\":\"ListItem\",\"position\":1,\"name\":\"Portada\",\"item\":\"https:\\\/\\\/ciabatiska.com\\\/\"},{\"@type\":\"ListItem\",\"position\":2,\"name\":\"Pol\u00edtica de cookies\"}]},{\"@type\":\"WebSite\",\"@id\":\"https:\\\/\\\/ciabatiska.com\\\/#website\",\"url\":\"https:\\\/\\\/ciabatiska.com\\\/\",\"name\":\"C\u00eda. Batiska\",\"description\":\"espacio donde la danza y el circo se entrelazan para crear espect\u00e1culos memorables y talleres llenos de creatividad y movimiento.\",\"potentialAction\":[{\"@type\":\"SearchAction\",\"target\":{\"@type\":\"EntryPoint\",\"urlTemplate\":\"https:\\\/\\\/ciabatiska.com\\\/?s={search_term_string}\"},\"query-input\":{\"@type\":\"PropertyValueSpecification\",\"valueRequired\":true,\"valueName\":\"search_term_string\"}}],\"inLanguage\":\"ca\"}]}<\/script>\n<!-- \/ Yoast SEO plugin. -->","yoast_head_json":{"title":"Pol\u00edtica de cookies - C\u00eda. Batiska","robots":{"index":"noindex","follow":"follow"},"og_locale":"ca_ES","og_type":"article","og_title":"Pol\u00edtica de cookies - C\u00eda. Batiska","og_description":"POL\u00cdTICA DE COOKIES http:\/\/ciabatiska.com\/ El acceso a este Sitio Web puede implicar la utilizaci\u00f3n de cookies. Las cookies son peque\u00f1as cantidades de informaci\u00f3n que se almacenan en el navegador utilizado por cada Usuario \u2014en los distintos dispositivos que pueda utilizar para navegar\u2014 para que el servidor recuerde cierta informaci\u00f3n que posteriormente y \u00fanicamente el servidor [&hellip;]","og_url":"https:\/\/ciabatiska.com\/ca\/cookies\/","og_site_name":"C\u00eda. Batiska","article_modified_time":"2025-07-16T13:01:59+00:00","twitter_card":"summary_large_image","twitter_misc":{"Temps estimat de lectura":"1 minut"},"schema":{"@context":"https:\/\/schema.org","@graph":[{"@type":"WebPage","@id":"https:\/\/ciabatiska.com\/cookies\/","url":"https:\/\/ciabatiska.com\/cookies\/","name":"Pol\u00edtica de cookies - C\u00eda. Batiska","isPartOf":{"@id":"https:\/\/ciabatiska.com\/#website"},"datePublished":"2025-01-27T07:52:13+00:00","dateModified":"2025-07-16T13:01:59+00:00","breadcrumb":{"@id":"https:\/\/ciabatiska.com\/cookies\/#breadcrumb"},"inLanguage":"ca","potentialAction":[{"@type":"ReadAction","target":["https:\/\/ciabatiska.com\/cookies\/"]}]},{"@type":"BreadcrumbList","@id":"https:\/\/ciabatiska.com\/cookies\/#breadcrumb","itemListElement":[{"@type":"ListItem","position":1,"name":"Portada","item":"https:\/\/ciabatiska.com\/"},{"@type":"ListItem","position":2,"name":"Pol\u00edtica de cookies"}]},{"@type":"WebSite","@id":"https:\/\/ciabatiska.com\/#website","url":"https:\/\/ciabatiska.com\/","name":"C\u00eda. Batiska","description":"espacio donde la danza y el circo se entrelazan para crear espect\u00e1culos memorables y talleres llenos de creatividad y movimiento.","potentialAction":[{"@type":"SearchAction","target":{"@type":"EntryPoint","urlTemplate":"https:\/\/ciabatiska.com\/?s={search_term_string}"},"query-input":{"@type":"PropertyValueSpecification","valueRequired":true,"valueName":"search_term_string"}}],"inLanguage":"ca"}]}},"_links":{"self":[{"href":"https:\/\/ciabatiska.com\/ca\/wp-json\/wp\/v2\/pages\/18","targetHints":{"allow":["GET"]}}],"collection":[{"href":"https:\/\/ciabatiska.com\/ca\/wp-json\/wp\/v2\/pages"}],"about":[{"href":"https:\/\/ciabatiska.com\/ca\/wp-json\/wp\/v2\/types\/page"}],"author":[{"embeddable":true,"href":"https:\/\/ciabatiska.com\/ca\/wp-json\/wp\/v2\/users\/2"}],"replies":[{"embeddable":true,"href":"https:\/\/ciabatiska.com\/ca\/wp-json\/wp\/v2\/comments?post=18"}],"version-history":[{"count":8,"href":"https:\/\/ciabatiska.com\/ca\/wp-json\/wp\/v2\/pages\/18\/revisions"}],"predecessor-version":[{"id":1328,"href":"https:\/\/ciabatiska.com\/ca\/wp-json\/wp\/v2\/pages\/18\/revisions\/1328"}],"wp:attachment":[{"href":"https:\/\/ciabatiska.com\/ca\/wp-json\/wp\/v2\/media?parent=18"}],"curies":[{"name":"wp","href":"https:\/\/api.w.org\/{rel}","templated":true}]}}