{"id":183,"date":"2025-03-10T18:19:41","date_gmt":"2025-03-10T17:19:41","guid":{"rendered":"https:\/\/ciabatiska.com\/homepage\/"},"modified":"2025-12-25T18:54:11","modified_gmt":"2025-12-25T17:54:11","slug":"inicio","status":"publish","type":"page","link":"https:\/\/ciabatiska.com\/ca\/","title":{"rendered":"Companya"},"content":{"rendered":"<div data-elementor-type=\"wp-page\" data-elementor-id=\"183\" class=\"elementor elementor-183\" data-elementor-post-type=\"page\">\n\t\t\t\t\t\t<section class=\"elementor-section elementor-top-section elementor-element elementor-element-498c19b elementor-section-height-min-height elementor-section-boxed elementor-section-height-default elementor-section-items-middle\" data-id=\"498c19b\" data-element_type=\"section\" data-e-type=\"section\" data-settings=\"{&quot;background_background&quot;:&quot;video&quot;,&quot;background_video_link&quot;:&quot;https:\\\/\\\/www.youtube.com\\\/watch?v=VK_jaKh39Nc&quot;,&quot;background_video_start&quot;:1,&quot;background_play_on_mobile&quot;:&quot;yes&quot;,&quot;background_video_end&quot;:90}\">\n\t\t\t\t\t\t\t\t<div class=\"elementor-background-video-container\">\n\t\t\t\t\t\t\t\t\t\t\t\t\t<div class=\"elementor-background-video-embed\" role=\"presentation\"><\/div>\n\t\t\t\t\t\t\t\t\t\t\t\t<\/div>\n\t\t\t\t\t\t\t\t\t<div class=\"elementor-background-overlay\"><\/div>\n\t\t\t\t\t\t\t<div class=\"elementor-container elementor-column-gap-default\">\n\t\t\t\t\t<div class=\"elementor-column elementor-col-50 elementor-top-column elementor-element elementor-element-1b28ac89\" data-id=\"1b28ac89\" data-element_type=\"column\" data-e-type=\"column\">\n\t\t\t<div class=\"elementor-widget-wrap elementor-element-populated\">\n\t\t\t\t\t\t\t<\/div>\n\t\t<\/div>\n\t\t\t\t<div class=\"elementor-column elementor-col-50 elementor-top-column elementor-element elementor-element-785d1e19\" data-id=\"785d1e19\" data-element_type=\"column\" data-e-type=\"column\">\n\t\t\t<div class=\"elementor-widget-wrap\">\n\t\t\t\t\t\t\t<\/div>\n\t\t<\/div>\n\t\t\t\t\t<\/div>\n\t\t<\/section>\n\t\t<div class=\"elementor-element elementor-element-0bd30c7 e-flex e-con-boxed e-con e-parent\" data-id=\"0bd30c7\" data-element_type=\"container\" data-e-type=\"container\">\n\t\t\t\t\t<div class=\"e-con-inner\">\n\t\t\t\t<div class=\"elementor-element elementor-element-f911835 elementor-hidden-desktop elementor-hidden-tablet elementor-hidden-mobile elementor-widget elementor-widget-text-editor\" data-id=\"f911835\" data-element_type=\"widget\" data-e-type=\"widget\" data-widget_type=\"text-editor.default\">\n\t\t\t\t<div class=\"elementor-widget-container\">\n\t\t\t\t\t\t\t\t\t<h1>Circo\u00a0<\/h1><h2>Nosotros<\/h2><h3>Colectivo art\u00edstico de circo contempor\u00e1neo y danza<\/h3><h2>Servicios<\/h2><h3>Espectacles<\/h3><h2>Tallers<\/h2>\t\t\t\t\t\t\t\t<\/div>\n\t\t\t\t<\/div>\n\t\t\t\t\t<\/div>\n\t\t\t\t<\/div>\n\t\t<div class=\"elementor-element elementor-element-d15fb26 e-con-full e-flex e-con e-parent\" data-id=\"d15fb26\" data-element_type=\"container\" data-e-type=\"container\">\n\t\t\t\t<div class=\"elementor-element elementor-element-fc42f0f elementor-widget__width-initial elementor-widget elementor-widget-heading\" data-id=\"fc42f0f\" data-element_type=\"widget\" data-e-type=\"widget\" data-widget_type=\"heading.default\">\n\t\t\t\t<div class=\"elementor-widget-container\">\n\t\t\t\t\t<span class=\"elementor-heading-title elementor-size-default\">COMPANYIA<\/span>\t\t\t\t<\/div>\n\t\t\t\t<\/div>\n\t\t\t\t<\/div>\n\t\t<div class=\"elementor-element elementor-element-8511c0e e-flex e-con-boxed e-con e-parent\" data-id=\"8511c0e\" data-element_type=\"container\" data-e-type=\"container\">\n\t\t\t\t\t<div class=\"e-con-inner\">\n\t\t<div class=\"elementor-element elementor-element-baaa876 e-con-full e-flex e-con e-child\" data-id=\"baaa876\" data-element_type=\"container\" data-e-type=\"container\">\n\t\t\t\t<div class=\"elementor-element elementor-element-0ac1228 elementor-widget__width-initial elementor-widget elementor-widget-text-editor\" data-id=\"0ac1228\" data-element_type=\"widget\" data-e-type=\"widget\" data-widget_type=\"text-editor.default\">\n\t\t\t\t<div class=\"elementor-widget-container\">\n\t\t\t\t\t\t\t\t\t<p data-pm-slice=\"1 1 []\">\u00a0<\/p><p><span class=\"a_GcMg font-feature-liga-off font-feature-clig-off font-feature-calt-off text-decoration-none text-strikethrough-none\">Cia. Batiska es una compa\u00f1\u00eda de circo contempor\u00e1neo fundada en 2025 por el artista Jorge Castro. Con sede en Barcelona, la compa\u00f1\u00eda se distingue por la fusi\u00f3n fluida entre malabares y manipulaci\u00f3n de objetos, danza y teatro f\u00edsico.\u00a0<\/span><\/p><p>La compa\u00f1\u00eda cuenta con varios n\u00fameros de circo de peque\u00f1o formato y se encuentra en creaci\u00f3n de un espet\u00e1culo de gran formato con fecha de estreno en 2027.<\/p><p>\u00a0<\/p><p>\u00a0<\/p>\t\t\t\t\t\t\t\t<\/div>\n\t\t\t\t<\/div>\n\t\t\t\t<\/div>\n\t\t<div class=\"elementor-element elementor-element-fcba194 e-con-full e-flex e-con e-child\" data-id=\"fcba194\" data-element_type=\"container\" data-e-type=\"container\">\n\t\t\t\t<div class=\"elementor-element elementor-element-f46a211 elementor-widget__width-initial elementor-widget elementor-widget-image\" data-id=\"f46a211\" data-element_type=\"widget\" data-e-type=\"widget\" data-widget_type=\"image.default\">\n\t\t\t\t<div class=\"elementor-widget-container\">\n\t\t\t\t\t\t\t\t\t\t\t\t\t\t\t<img fetchpriority=\"high\" decoding=\"async\" width=\"768\" height=\"1024\" src=\"https:\/\/ciabatiska.com\/wp-content\/uploads\/2025\/03\/WhatsApp-Image-2025-03-03-at-11.23.06-2-768x1024.jpeg\" class=\"attachment-large size-large wp-image-291\" alt=\"hombre malabares\" srcset=\"https:\/\/ciabatiska.com\/wp-content\/uploads\/2025\/03\/WhatsApp-Image-2025-03-03-at-11.23.06-2-768x1024.jpeg 768w, https:\/\/ciabatiska.com\/wp-content\/uploads\/2025\/03\/WhatsApp-Image-2025-03-03-at-11.23.06-2-225x300.jpeg 225w, https:\/\/ciabatiska.com\/wp-content\/uploads\/2025\/03\/WhatsApp-Image-2025-03-03-at-11.23.06-2-1152x1536.jpeg 1152w, https:\/\/ciabatiska.com\/wp-content\/uploads\/2025\/03\/elementor\/thumbs\/WhatsApp-Image-2025-03-03-at-11.23.06-2-r2o4wslzs4b9ybg8y1ws7v191o3u4wv3h0ijihixxc.jpeg 600w, https:\/\/ciabatiska.com\/wp-content\/uploads\/2025\/03\/WhatsApp-Image-2025-03-03-at-11.23.06-2.jpeg 1200w\" sizes=\"(max-width: 768px) 100vw, 768px\" \/>\t\t\t\t\t\t\t\t\t\t\t\t\t\t\t<\/div>\n\t\t\t\t<\/div>\n\t\t\t\t<\/div>\n\t\t\t\t\t<\/div>\n\t\t\t\t<\/div>\n\t\t<div class=\"elementor-element elementor-element-4cdde9b e-con-full e-flex e-con e-parent\" data-id=\"4cdde9b\" data-element_type=\"container\" data-e-type=\"container\">\n\t\t\t\t<div class=\"elementor-element elementor-element-2178fc7 elementor-widget__width-initial elementor-widget elementor-widget-heading\" data-id=\"2178fc7\" data-element_type=\"widget\" data-e-type=\"widget\" data-widget_type=\"heading.default\">\n\t\t\t\t<div class=\"elementor-widget-container\">\n\t\t\t\t\t<span class=\"elementor-heading-title elementor-size-default\">MEMBRES<\/span>\t\t\t\t<\/div>\n\t\t\t\t<\/div>\n\t\t\t\t<\/div>\n\t\t<div class=\"elementor-element elementor-element-1ddca1f e-con-full e-flex e-con e-parent\" data-id=\"1ddca1f\" data-element_type=\"container\" data-e-type=\"container\">\n\t\t<div class=\"elementor-element elementor-element-e8859b8 e-con-full e-flex e-con e-child\" data-id=\"e8859b8\" data-element_type=\"container\" data-e-type=\"container\">\n\t\t\t\t<div class=\"elementor-element elementor-element-e348981 elementor-widget__width-initial elementor-widget elementor-widget-image\" data-id=\"e348981\" data-element_type=\"widget\" data-e-type=\"widget\" data-widget_type=\"image.default\">\n\t\t\t\t<div class=\"elementor-widget-container\">\n\t\t\t\t\t\t\t\t\t\t\t\t\t\t\t<img decoding=\"async\" src=\"https:\/\/ciabatiska.com\/wp-content\/uploads\/elementor\/thumbs\/WhatsApp-Image-2025-03-03-at-11.23.07-e1745502244204-r4tzqj6qvyeu3x88l1nol6qv64iq0fj77xwla7k7y8.jpeg\" title=\"WhatsApp Image 2025-03-03 at 11.23.07\" alt=\"WhatsApp Image 2025-03-03 at 11.23.07\" loading=\"lazy\" \/>\t\t\t\t\t\t\t\t\t\t\t\t\t\t\t<\/div>\n\t\t\t\t<\/div>\n\t\t\t\t<\/div>\n\t\t<div class=\"elementor-element elementor-element-041009e e-con-full e-flex e-con e-child\" data-id=\"041009e\" data-element_type=\"container\" data-e-type=\"container\">\n\t\t\t\t<div class=\"elementor-element elementor-element-c2ffb9a elementor-widget__width-initial elementor-widget elementor-widget-text-editor\" data-id=\"c2ffb9a\" data-element_type=\"widget\" data-e-type=\"widget\" data-widget_type=\"text-editor.default\">\n\t\t\t\t<div class=\"elementor-widget-container\">\n\t\t\t\t\t\t\t\t\t<p><span class=\"a_GcMg font-feature-liga-off font-feature-clig-off font-feature-calt-off text-decoration-none text-strikethrough-none\">Jorge Castro,<\/span><span class=\"a_GcMg font-feature-liga-off font-feature-clig-off font-feature-calt-off text-decoration-none text-strikethrough-none\"> impulsor de Cia. Batiska, naci\u00f3 en Madrid y creci\u00f3 en Galicia. Su<\/span><span class=\"a_GcMg font-feature-liga-off font-feature-clig-off font-feature-calt-off text-decoration-none text-strikethrough-none\"> formaci\u00f3n art\u00edstica comenz\u00f3 a los 13 a\u00f1os con la danza urbana (popping, krump, hip hop), cultivada de forma autodidacta. En 2016, tras<\/span> <span class=\"a_GcMg font-feature-liga-off font-feature-clig-off font-feature-calt-off text-decoration-none text-strikethrough-none\">finalizar la universidad, inici\u00f3 su formaci\u00f3n circense en Circo Nove (Santiago de Compostela) y, en 2018, continu\u00f3 en la Escuela Cirko Vertigo (Tur\u00edn), en su programa profesional. En 2019 ampli\u00f3 su formaci\u00f3n en INAC (Porto), especializ\u00e1ndose en malabares con movimiento.<\/span><\/p><p><span class=\"a_GcMg font-feature-liga-off font-feature-clig-off font-feature-calt-off text-decoration-none text-strikethrough-none\">En 2020 actu\u00f3 como int\u00e9rprete en \u201cAlejandra\u201d (proyecto CRECRE), dirigido por Jorge Albuerne. En 2021 se uni\u00f3 a la compa\u00f1\u00eda de danza Otra Danza con el espect\u00e1culo \u201cLa Banda\u201d, dirigido por Asun Noales y con dramaturgia de Lucas Escobedo, combinando<\/span><\/p><p><span class=\"a_GcMg font-feature-liga-off font-feature-clig-off font-feature-calt-off text-decoration-none text-strikethrough-none\">A finales de ese a\u00f1o form\u00f3 parte de Cia. Nisham en \u201cDformdXs\u201d, bajo la direcci\u00f3n de Nia Torres, integrando danza urbana y contempor\u00e1nea. En 2024 se incorpor\u00f3 como cocreador e int\u00e9rprete en Diffraction Art para el espect\u00e1culo \u201cSklenka Melta\u201d de Vivian Friedrich. danza, malabares y acrobacia.<\/span><\/p><p><span class=\"a_GcMg font-feature-liga-off font-feature-clig-off font-feature-calt-off text-decoration-none text-strikethrough-none\">En 2025 cocrea, junto a Fernando Rosell Romo, la compa\u00f1\u00eda Cia. La Roska con el espect\u00e1culo \u201cVaya Rollo\u201d, que se estrenar\u00e1 en 2027. Tambi\u00e9n en 2025, tras la creaci\u00f3n de su compa\u00f1\u00eda, comienza a consolidar un repertorio de piezas de circo y da forma a su proyecto m\u00e1s personal, \u201cDe vuelta a la realidad\u201d, un espect\u00e1culo de sala con estreno en 2027.<\/span><\/p>\t\t\t\t\t\t\t\t<\/div>\n\t\t\t\t<\/div>\n\t\t\t\t<\/div>\n\t\t\t\t<\/div>\n\t\t\t\t<\/div>","protected":false},"excerpt":{"rendered":"<p>Circo\u00a0 Nosotros Colectivo art\u00edstico de circo contempor\u00e1neo y danza Servicios Espect\u00e1culos Talleres COMPA\u00d1IA \u00a0 Cia. Batiska es una compa\u00f1\u00eda de circo contempor\u00e1neo fundada en 2025 por el artista Jorge Castro. Con sede en Barcelona, la compa\u00f1\u00eda se distingue por la fusi\u00f3n fluida entre malabares y manipulaci\u00f3n de objetos, danza y teatro f\u00edsico.\u00a0 La compa\u00f1\u00eda cuenta [&hellip;]<\/p>\n","protected":false},"author":12,"featured_media":0,"parent":0,"menu_order":0,"comment_status":"closed","ping_status":"closed","template":"","meta":{"footnotes":""},"class_list":["post-183","page","type-page","status-publish","hentry"],"yoast_head":"<!-- This site is optimized with the Yoast SEO plugin v27.4 - https:\/\/yoast.com\/product\/yoast-seo-wordpress\/ -->\n<title>Compa\u00f1\u00eda Batiska - Circo en Barcelona<\/title>\n<meta name=\"description\" content=\"Circo\u00a0 Nosotros Colectivo art\u00edstico de circo contempor\u00e1neo y danza Servicios Espect\u00e1culos Talleres COMPA\u00d1IA \u00a0 Cia. Batiska es una compa\u00f1\u00eda de circo contempor\u00e1neo fundada en 2025 por el artista Jorge Castro. Con sede en Barcelona, la compa\u00f1\u00eda se distingue por la fusi\u00f3n fluida entre malabares y manipulaci\u00f3n de objetos, danza y teatro f\u00edsico.\u00a0 La compa\u00f1\u00eda cuenta [&hellip;]\" \/>\n<meta name=\"robots\" content=\"index, follow, max-snippet:-1, max-image-preview:large, max-video-preview:-1\" \/>\n<link rel=\"canonical\" href=\"https:\/\/ciabatiska.com\/ca\/\" \/>\n<meta property=\"og:locale\" content=\"ca_ES\" \/>\n<meta property=\"og:type\" content=\"article\" \/>\n<meta property=\"og:title\" content=\"Compa\u00f1\u00eda Batiska - Circo en Barcelona\" \/>\n<meta property=\"og:description\" content=\"Nuestra propuesta fusiona la t\u00e9cnica con la expresi\u00f3n art\u00edstica, ofreciendo experiencias esc\u00e9nicas que cautivan al p\u00fablico.\" \/>\n<meta property=\"og:url\" content=\"https:\/\/ciabatiska.com\/ca\/\" \/>\n<meta property=\"og:site_name\" content=\"C\u00eda. Batiska\" \/>\n<meta property=\"article:modified_time\" content=\"2025-12-25T17:54:11+00:00\" \/>\n<meta property=\"og:image\" content=\"https:\/\/ciabatiska.com\/wp-content\/uploads\/2025\/03\/WhatsApp-Image-2025-03-03-at-11.23.06-2.jpeg\" \/>\n\t<meta property=\"og:image:width\" content=\"1200\" \/>\n\t<meta property=\"og:image:height\" content=\"1600\" \/>\n\t<meta property=\"og:image:type\" content=\"image\/jpeg\" \/>\n<meta name=\"twitter:card\" content=\"summary_large_image\" \/>\n<meta name=\"twitter:label1\" content=\"Temps estimat de lectura\" \/>\n\t<meta name=\"twitter:data1\" content=\"1 minut\" \/>\n<script type=\"application\/ld+json\" class=\"yoast-schema-graph\">{\"@context\":\"https:\\\/\\\/schema.org\",\"@graph\":[{\"@type\":\"WebPage\",\"@id\":\"https:\\\/\\\/ciabatiska.com\\\/\",\"url\":\"https:\\\/\\\/ciabatiska.com\\\/\",\"name\":\"Compa\u00f1\u00eda Batiska - Circo en Barcelona\",\"isPartOf\":{\"@id\":\"https:\\\/\\\/ciabatiska.com\\\/#website\"},\"primaryImageOfPage\":{\"@id\":\"https:\\\/\\\/ciabatiska.com\\\/#primaryimage\"},\"image\":{\"@id\":\"https:\\\/\\\/ciabatiska.com\\\/#primaryimage\"},\"thumbnailUrl\":\"https:\\\/\\\/ciabatiska.com\\\/wp-content\\\/uploads\\\/2025\\\/03\\\/WhatsApp-Image-2025-03-03-at-11.23.06-2-768x1024.jpeg\",\"datePublished\":\"2025-03-10T17:19:41+00:00\",\"dateModified\":\"2025-12-25T17:54:11+00:00\",\"description\":\"Nuestra propuesta fusiona la t\u00e9cnica con la expresi\u00f3n art\u00edstica, ofreciendo experiencias esc\u00e9nicas que cautivan al p\u00fablico.\",\"breadcrumb\":{\"@id\":\"https:\\\/\\\/ciabatiska.com\\\/#breadcrumb\"},\"inLanguage\":\"ca\",\"potentialAction\":[{\"@type\":\"ReadAction\",\"target\":[\"https:\\\/\\\/ciabatiska.com\\\/\"]}]},{\"@type\":\"ImageObject\",\"inLanguage\":\"ca\",\"@id\":\"https:\\\/\\\/ciabatiska.com\\\/#primaryimage\",\"url\":\"https:\\\/\\\/ciabatiska.com\\\/wp-content\\\/uploads\\\/2025\\\/03\\\/WhatsApp-Image-2025-03-03-at-11.23.06-2-768x1024.jpeg\",\"contentUrl\":\"https:\\\/\\\/ciabatiska.com\\\/wp-content\\\/uploads\\\/2025\\\/03\\\/WhatsApp-Image-2025-03-03-at-11.23.06-2-768x1024.jpeg\"},{\"@type\":\"BreadcrumbList\",\"@id\":\"https:\\\/\\\/ciabatiska.com\\\/#breadcrumb\",\"itemListElement\":[{\"@type\":\"ListItem\",\"position\":1,\"name\":\"Portada\",\"item\":\"https:\\\/\\\/ciabatiska.com\\\/\"},{\"@type\":\"ListItem\",\"position\":2,\"name\":\"Compa\u00f1ia\"}]},{\"@type\":\"WebSite\",\"@id\":\"https:\\\/\\\/ciabatiska.com\\\/#website\",\"url\":\"https:\\\/\\\/ciabatiska.com\\\/\",\"name\":\"C\u00eda. Batiska\",\"description\":\"espacio donde la danza y el circo se entrelazan para crear espect\u00e1culos memorables y talleres llenos de creatividad y movimiento.\",\"potentialAction\":[{\"@type\":\"SearchAction\",\"target\":{\"@type\":\"EntryPoint\",\"urlTemplate\":\"https:\\\/\\\/ciabatiska.com\\\/?s={search_term_string}\"},\"query-input\":{\"@type\":\"PropertyValueSpecification\",\"valueRequired\":true,\"valueName\":\"search_term_string\"}}],\"inLanguage\":\"ca\"}]}<\/script>\n<!-- \/ Yoast SEO plugin. -->","yoast_head_json":{"title":"Compa\u00f1\u00eda Batiska - Circo en Barcelona","description":"Circo\u00a0 Nosotros Colectivo art\u00edstico de circo contempor\u00e1neo y danza Servicios Espect\u00e1culos Talleres COMPA\u00d1IA \u00a0 Cia. Batiska es una compa\u00f1\u00eda de circo contempor\u00e1neo fundada en 2025 por el artista Jorge Castro. Con sede en Barcelona, la compa\u00f1\u00eda se distingue por la fusi\u00f3n fluida entre malabares y manipulaci\u00f3n de objetos, danza y teatro f\u00edsico.\u00a0 La compa\u00f1\u00eda cuenta [&hellip;]","robots":{"index":"index","follow":"follow","max-snippet":"max-snippet:-1","max-image-preview":"max-image-preview:large","max-video-preview":"max-video-preview:-1"},"canonical":"https:\/\/ciabatiska.com\/ca\/","og_locale":"ca_ES","og_type":"article","og_title":"Compa\u00f1\u00eda Batiska - Circo en Barcelona","og_description":"Nuestra propuesta fusiona la t\u00e9cnica con la expresi\u00f3n art\u00edstica, ofreciendo experiencias esc\u00e9nicas que cautivan al p\u00fablico.","og_url":"https:\/\/ciabatiska.com\/ca\/","og_site_name":"C\u00eda. Batiska","article_modified_time":"2025-12-25T17:54:11+00:00","og_image":[{"width":1200,"height":1600,"url":"https:\/\/ciabatiska.com\/wp-content\/uploads\/2025\/03\/WhatsApp-Image-2025-03-03-at-11.23.06-2.jpeg","type":"image\/jpeg"}],"twitter_card":"summary_large_image","twitter_misc":{"Temps estimat de lectura":"1 minut"},"schema":{"@context":"https:\/\/schema.org","@graph":[{"@type":"WebPage","@id":"https:\/\/ciabatiska.com\/","url":"https:\/\/ciabatiska.com\/","name":"Compa\u00f1\u00eda Batiska - Circo en Barcelona","isPartOf":{"@id":"https:\/\/ciabatiska.com\/#website"},"primaryImageOfPage":{"@id":"https:\/\/ciabatiska.com\/#primaryimage"},"image":{"@id":"https:\/\/ciabatiska.com\/#primaryimage"},"thumbnailUrl":"https:\/\/ciabatiska.com\/wp-content\/uploads\/2025\/03\/WhatsApp-Image-2025-03-03-at-11.23.06-2-768x1024.jpeg","datePublished":"2025-03-10T17:19:41+00:00","dateModified":"2025-12-25T17:54:11+00:00","description":"La nostra proposta fusiona la t\u00e8cnica amb l'expressi\u00f3 art\u00edstica i ofereix experi\u00e8ncies esc\u00e8niques que captiven el p\u00fablic.","breadcrumb":{"@id":"https:\/\/ciabatiska.com\/#breadcrumb"},"inLanguage":"ca","potentialAction":[{"@type":"ReadAction","target":["https:\/\/ciabatiska.com\/"]}]},{"@type":"ImageObject","inLanguage":"ca","@id":"https:\/\/ciabatiska.com\/#primaryimage","url":"https:\/\/ciabatiska.com\/wp-content\/uploads\/2025\/03\/WhatsApp-Image-2025-03-03-at-11.23.06-2-768x1024.jpeg","contentUrl":"https:\/\/ciabatiska.com\/wp-content\/uploads\/2025\/03\/WhatsApp-Image-2025-03-03-at-11.23.06-2-768x1024.jpeg"},{"@type":"BreadcrumbList","@id":"https:\/\/ciabatiska.com\/#breadcrumb","itemListElement":[{"@type":"ListItem","position":1,"name":"Portada","item":"https:\/\/ciabatiska.com\/"},{"@type":"ListItem","position":2,"name":"Compa\u00f1ia"}]},{"@type":"WebSite","@id":"https:\/\/ciabatiska.com\/#website","url":"https:\/\/ciabatiska.com\/","name":"C\u00eda. Batiska","description":"espacio donde la danza y el circo se entrelazan para crear espect\u00e1culos memorables y talleres llenos de creatividad y movimiento.","potentialAction":[{"@type":"SearchAction","target":{"@type":"EntryPoint","urlTemplate":"https:\/\/ciabatiska.com\/?s={search_term_string}"},"query-input":{"@type":"PropertyValueSpecification","valueRequired":true,"valueName":"search_term_string"}}],"inLanguage":"ca"}]}},"_links":{"self":[{"href":"https:\/\/ciabatiska.com\/ca\/wp-json\/wp\/v2\/pages\/183","targetHints":{"allow":["GET"]}}],"collection":[{"href":"https:\/\/ciabatiska.com\/ca\/wp-json\/wp\/v2\/pages"}],"about":[{"href":"https:\/\/ciabatiska.com\/ca\/wp-json\/wp\/v2\/types\/page"}],"author":[{"embeddable":true,"href":"https:\/\/ciabatiska.com\/ca\/wp-json\/wp\/v2\/users\/12"}],"replies":[{"embeddable":true,"href":"https:\/\/ciabatiska.com\/ca\/wp-json\/wp\/v2\/comments?post=183"}],"version-history":[{"count":132,"href":"https:\/\/ciabatiska.com\/ca\/wp-json\/wp\/v2\/pages\/183\/revisions"}],"predecessor-version":[{"id":1439,"href":"https:\/\/ciabatiska.com\/ca\/wp-json\/wp\/v2\/pages\/183\/revisions\/1439"}],"wp:attachment":[{"href":"https:\/\/ciabatiska.com\/ca\/wp-json\/wp\/v2\/media?parent=183"}],"curies":[{"name":"wp","href":"https:\/\/api.w.org\/{rel}","templated":true}]}}