{"id":420,"date":"2025-04-01T17:35:01","date_gmt":"2025-04-01T15:35:01","guid":{"rendered":"https:\/\/ciabatiska.com\/?page_id=420"},"modified":"2025-07-16T15:23:08","modified_gmt":"2025-07-16T13:23:08","slug":"piel","status":"publish","type":"page","link":"https:\/\/ciabatiska.com\/ca\/piel\/","title":{"rendered":"Pell"},"content":{"rendered":"<div data-elementor-type=\"wp-page\" data-elementor-id=\"420\" class=\"elementor elementor-420\" data-elementor-post-type=\"page\">\n\t\t\t\t\t\t<section class=\"elementor-section elementor-top-section elementor-element elementor-element-06e78fa elementor-section-height-min-height elementor-section-full_width elementor-section-height-default elementor-section-items-middle\" data-id=\"06e78fa\" data-element_type=\"section\" data-e-type=\"section\" data-settings=\"{&quot;background_background&quot;:&quot;classic&quot;}\">\n\t\t\t\t\t\t\t<div class=\"elementor-background-overlay\"><\/div>\n\t\t\t\t\t\t\t<div class=\"elementor-container elementor-column-gap-default\">\n\t\t\t\t\t<div class=\"elementor-column elementor-col-100 elementor-top-column elementor-element elementor-element-677f8f2\" data-id=\"677f8f2\" data-element_type=\"column\" data-e-type=\"column\">\n\t\t\t<div class=\"elementor-widget-wrap elementor-element-populated\">\n\t\t\t\t\t\t<div class=\"elementor-element elementor-element-1d79e2f elementor-widget elementor-widget-heading\" data-id=\"1d79e2f\" data-element_type=\"widget\" data-e-type=\"widget\" data-widget_type=\"heading.default\">\n\t\t\t\t<div class=\"elementor-widget-container\">\n\t\t\t\t\t<h1 class=\"elementor-heading-title elementor-size-default\">Pell<\/h1>\t\t\t\t<\/div>\n\t\t\t\t<\/div>\n\t\t\t\t\t<\/div>\n\t\t<\/div>\n\t\t\t\t\t<\/div>\n\t\t<\/section>\n\t\t\t\t<section class=\"elementor-section elementor-top-section elementor-element elementor-element-61952d1 elementor-section-boxed elementor-section-height-default elementor-section-height-default\" data-id=\"61952d1\" data-element_type=\"section\" data-e-type=\"section\" data-settings=\"{&quot;background_background&quot;:&quot;classic&quot;}\">\n\t\t\t\t\t\t\t<div class=\"elementor-background-overlay\"><\/div>\n\t\t\t\t\t\t\t<div class=\"elementor-container elementor-column-gap-default\">\n\t\t\t\t\t<div class=\"elementor-column elementor-col-100 elementor-top-column elementor-element elementor-element-a2c655e\" data-id=\"a2c655e\" data-element_type=\"column\" data-e-type=\"column\">\n\t\t\t<div class=\"elementor-widget-wrap elementor-element-populated\">\n\t\t\t\t\t\t<div class=\"elementor-element elementor-element-01db298 elementor-widget elementor-widget-heading\" data-id=\"01db298\" data-element_type=\"widget\" data-e-type=\"widget\" data-widget_type=\"heading.default\">\n\t\t\t\t<div class=\"elementor-widget-container\">\n\t\t\t\t\t<h6 class=\"elementor-heading-title elementor-size-default\">espect\u00e1culo<\/h6>\t\t\t\t<\/div>\n\t\t\t\t<\/div>\n\t\t\t\t<div class=\"elementor-element elementor-element-3e290b4 elementor-widget elementor-widget-text-editor\" data-id=\"3e290b4\" data-element_type=\"widget\" data-e-type=\"widget\" data-widget_type=\"text-editor.default\">\n\t\t\t\t<div class=\"elementor-widget-container\">\n\t\t\t\t\t\t\t\t\t<p data-pm-slice=\"1 1 []\"><em>Un di\u00e1logo \u00edntimo entre cuerpos y gravedad<\/em><\/p>\t\t\t\t\t\t\t\t<\/div>\n\t\t\t\t<\/div>\n\t\t\t\t<div class=\"elementor-element elementor-element-d0dcf8e elementor-widget elementor-widget-text-editor\" data-id=\"d0dcf8e\" data-element_type=\"widget\" data-e-type=\"widget\" data-widget_type=\"text-editor.default\">\n\t\t\t\t<div class=\"elementor-widget-container\">\n\t\t\t\t\t\t\t\t\t<p><em>Piel\u2019 es la met\u00e1fora de un encuentro. Un acto de contact donde la gravedad es c\u00f3mplice y la piel el \u00fanico lenguaje. Para festivales de danza contempor\u00e1nea o espacios alternativos.<\/em><\/p>\t\t\t\t\t\t\t\t<\/div>\n\t\t\t\t<\/div>\n\t\t\t\t\t<\/div>\n\t\t<\/div>\n\t\t\t\t\t<\/div>\n\t\t<\/section>\n\t\t<div class=\"elementor-element elementor-element-660ae7d e-flex e-con-boxed e-con e-parent\" data-id=\"660ae7d\" data-element_type=\"container\" data-e-type=\"container\">\n\t\t\t\t\t<div class=\"e-con-inner\">\n\t\t<div class=\"elementor-element elementor-element-b0349f1 e-con-full e-flex e-con e-child\" data-id=\"b0349f1\" data-element_type=\"container\" data-e-type=\"container\">\n\t\t<div class=\"elementor-element elementor-element-4c82633 e-flex e-con-boxed e-con e-child\" data-id=\"4c82633\" data-element_type=\"container\" data-e-type=\"container\" data-settings=\"{&quot;position&quot;:&quot;absolute&quot;}\">\n\t\t\t\t\t<div class=\"e-con-inner\">\n\t\t\t\t<div class=\"elementor-element elementor-element-f36b43c elementor-widget__width-initial elementor-widget elementor-widget-text-editor\" data-id=\"f36b43c\" data-element_type=\"widget\" data-e-type=\"widget\" data-widget_type=\"text-editor.default\">\n\t\t\t\t<div class=\"elementor-widget-container\">\n\t\t\t\t\t\t\t\t\t<p>-DOSSIER<br \/>-AGENDA<\/p>\t\t\t\t\t\t\t\t<\/div>\n\t\t\t\t<\/div>\n\t\t\t\t\t<\/div>\n\t\t\t\t<\/div>\n\t\t\t\t<\/div>\n\t\t<div class=\"elementor-element elementor-element-3ca2813 e-con-full e-flex e-con e-child\" data-id=\"3ca2813\" data-element_type=\"container\" data-e-type=\"container\">\n\t\t<div class=\"elementor-element elementor-element-9323596 e-con-full e-flex e-con e-child\" data-id=\"9323596\" data-element_type=\"container\" data-e-type=\"container\">\n\t\t\t\t<div class=\"elementor-element elementor-element-77911fb elementor-widget__width-initial elementor-widget elementor-widget-video\" data-id=\"77911fb\" data-element_type=\"widget\" data-e-type=\"widget\" data-settings=\"{&quot;youtube_url&quot;:&quot;https:\\\/\\\/www.youtube.com\\\/watch?v=8o1_wg2P2ZE&quot;,&quot;video_type&quot;:&quot;youtube&quot;,&quot;controls&quot;:&quot;yes&quot;}\" data-widget_type=\"video.default\">\n\t\t\t\t<div class=\"elementor-widget-container\">\n\t\t\t\t\t\t\t<div class=\"elementor-wrapper elementor-open-inline\">\n\t\t\t<div class=\"elementor-video\"><\/div>\t\t<\/div>\n\t\t\t\t\t\t<\/div>\n\t\t\t\t<\/div>\n\t\t\t\t<\/div>\n\t\t\t\t<\/div>\n\t\t\t\t\t<\/div>\n\t\t\t\t<\/div>\n\t\t<div class=\"elementor-element elementor-element-1e5c755 e-con-full e-flex e-con e-parent\" data-id=\"1e5c755\" data-element_type=\"container\" data-e-type=\"container\">\n\t\t\t\t<div class=\"elementor-element elementor-element-494a4d2 elementor-arrows-position-inside elementor-widget elementor-widget-image-carousel\" data-id=\"494a4d2\" data-element_type=\"widget\" data-e-type=\"widget\" data-settings=\"{&quot;navigation&quot;:&quot;arrows&quot;,&quot;image_spacing_custom&quot;:{&quot;unit&quot;:&quot;px&quot;,&quot;size&quot;:0,&quot;sizes&quot;:[]},&quot;autoplay&quot;:&quot;yes&quot;,&quot;pause_on_hover&quot;:&quot;yes&quot;,&quot;pause_on_interaction&quot;:&quot;yes&quot;,&quot;autoplay_speed&quot;:5000,&quot;infinite&quot;:&quot;yes&quot;,&quot;speed&quot;:500,&quot;image_spacing_custom_tablet&quot;:{&quot;unit&quot;:&quot;px&quot;,&quot;size&quot;:&quot;&quot;,&quot;sizes&quot;:[]},&quot;image_spacing_custom_mobile&quot;:{&quot;unit&quot;:&quot;px&quot;,&quot;size&quot;:&quot;&quot;,&quot;sizes&quot;:[]}}\" data-widget_type=\"image-carousel.default\">\n\t\t\t\t<div class=\"elementor-widget-container\">\n\t\t\t\t\t\t\t<div class=\"elementor-image-carousel-wrapper swiper\" role=\"region\" aria-roledescription=\"carousel\" aria-label=\"Carrusel de im\u00e1genes\" dir=\"ltr\">\n\t\t\t<div class=\"elementor-image-carousel swiper-wrapper\" aria-live=\"off\">\n\t\t\t\t\t\t\t\t<div class=\"swiper-slide\" role=\"group\" aria-roledescription=\"slide\" aria-label=\"1 de 6\"><figure class=\"swiper-slide-inner\"><img decoding=\"async\" class=\"swiper-slide-image\" src=\"https:\/\/ciabatiska.com\/wp-content\/uploads\/elementor\/thumbs\/WhatsApp-Image-2025-03-03-at-11.23.07-9-r2o4wmyzuytpsah0xlmcsjyszbagexjoy37goe4mtk.jpeg\" alt=\"WhatsApp Image 2025-03-03 at 11.23.07 (9)\" \/><\/figure><\/div><div class=\"swiper-slide\" role=\"group\" aria-roledescription=\"slide\" aria-label=\"2 de 6\"><figure class=\"swiper-slide-inner\"><img decoding=\"async\" class=\"swiper-slide-image\" src=\"https:\/\/ciabatiska.com\/wp-content\/uploads\/elementor\/thumbs\/WhatsApp-Image-2025-03-03-at-11.23.07-8-r2o4wm15o4sfgoie337q827cdxf378fylyjz7460zs.jpeg\" alt=\"WhatsApp Image 2025-03-03 at 11.23.07 (8)\" \/><\/figure><\/div><div class=\"swiper-slide\" role=\"group\" aria-roledescription=\"slide\" aria-label=\"3 de 6\"><figure class=\"swiper-slide-inner\"><img decoding=\"async\" class=\"swiper-slide-image\" src=\"https:\/\/ciabatiska.com\/wp-content\/uploads\/elementor\/thumbs\/WhatsApp-Image-2025-03-03-at-11.23.07-7-r2o4wk5hagputgl4e2eh32of75ocru8hxp908k8tc8.jpeg\" alt=\"WhatsApp Image 2025-03-03 at 11.23.07 (7)\" \/><\/figure><\/div><div class=\"swiper-slide\" role=\"group\" aria-roledescription=\"slide\" aria-label=\"4 de 6\"><figure class=\"swiper-slide-inner\"><img decoding=\"async\" class=\"swiper-slide-image\" src=\"https:\/\/ciabatiska.com\/wp-content\/uploads\/2025\/03\/image-5.png\" alt=\"\" \/><\/figure><\/div><div class=\"swiper-slide\" role=\"group\" aria-roledescription=\"slide\" aria-label=\"5 de 6\"><figure class=\"swiper-slide-inner\"><img decoding=\"async\" class=\"swiper-slide-image\" src=\"https:\/\/ciabatiska.com\/wp-content\/uploads\/elementor\/thumbs\/image-6-r2o9v6fe038f1v4sdrx9ei0r03ach8c8ts5oaheky0.png\" alt=\"image 6\" \/><\/figure><\/div><div class=\"swiper-slide\" role=\"group\" aria-roledescription=\"slide\" aria-label=\"6 de 6\"><figure class=\"swiper-slide-inner\"><img decoding=\"async\" class=\"swiper-slide-image\" src=\"https:\/\/ciabatiska.com\/wp-content\/uploads\/elementor\/thumbs\/WhatsApp-Image-2025-03-03-at-11.23.07-6-r2o4x9j4ezolixk99vdege9v8k79jo1916v47176o8.jpeg\" alt=\"WhatsApp Image 2025-03-03 at 11.23.07 (6)\" \/><\/figure><\/div>\t\t\t<\/div>\n\t\t\t\t\t\t\t\t\t\t\t\t<div class=\"elementor-swiper-button elementor-swiper-button-prev\" role=\"button\" tabindex=\"0\">\n\t\t\t\t\t\t<svg aria-hidden=\"true\" class=\"e-font-icon-svg e-eicon-chevron-left\" viewbox=\"0 0 1000 1000\" xmlns=\"http:\/\/www.w3.org\/2000\/svg\"><path d=\"M646 125C629 125 613 133 604 142L308 442C296 454 292 471 292 487 292 504 296 521 308 533L604 854C617 867 629 875 646 875 663 875 679 871 692 858 704 846 713 829 713 812 713 796 708 779 692 767L438 487 692 225C700 217 708 204 708 187 708 171 704 154 692 142 675 129 663 125 646 125Z\"><\/path><\/svg>\t\t\t\t\t<\/div>\n\t\t\t\t\t<div class=\"elementor-swiper-button elementor-swiper-button-next\" role=\"button\" tabindex=\"0\">\n\t\t\t\t\t\t<svg aria-hidden=\"true\" class=\"e-font-icon-svg e-eicon-chevron-right\" viewbox=\"0 0 1000 1000\" xmlns=\"http:\/\/www.w3.org\/2000\/svg\"><path d=\"M696 533C708 521 713 504 713 487 713 471 708 454 696 446L400 146C388 133 375 125 354 125 338 125 325 129 313 142 300 154 292 171 292 187 292 204 296 221 308 233L563 492 304 771C292 783 288 800 288 817 288 833 296 850 308 863 321 871 338 875 354 875 371 875 388 867 400 854L696 533Z\"><\/path><\/svg>\t\t\t\t\t<\/div>\n\t\t\t\t\n\t\t\t\t\t\t\t\t\t<\/div>\n\t\t\t\t\t\t<\/div>\n\t\t\t\t<\/div>\n\t\t\t\t<\/div>\n\t\t\t\t<\/div>","protected":false},"excerpt":{"rendered":"<p>Piel espect\u00e1culo Un di\u00e1logo \u00edntimo entre cuerpos y gravedad Piel\u2019 es la met\u00e1fora de un encuentro. Un acto de contact donde la gravedad es c\u00f3mplice y la piel el \u00fanico lenguaje. Para festivales de danza contempor\u00e1nea o espacios alternativos. -DOSSIER-AGENDA https:\/\/www.youtube.com\/watch?v=8o1_wg2P2ZE<\/p>","protected":false},"author":12,"featured_media":0,"parent":0,"menu_order":0,"comment_status":"closed","ping_status":"closed","template":"","meta":{"footnotes":""},"class_list":["post-420","page","type-page","status-publish","hentry"],"yoast_head":"<!-- This site is optimized with the Yoast SEO plugin v27.4 - https:\/\/yoast.com\/product\/yoast-seo-wordpress\/ -->\n<title>Piel - C\u00eda. Batiska<\/title>\n<meta name=\"description\" content=\"Piel espect\u00e1culo Un di\u00e1logo \u00edntimo entre cuerpos y gravedad Piel\u2019 es la met\u00e1fora de un encuentro. Un acto de contact donde la gravedad es c\u00f3mplice y la piel el \u00fanico lenguaje. Para festivales de danza contempor\u00e1nea o espacios alternativos. -DOSSIER-AGENDA https:\/\/www.youtube.com\/watch?v=8o1_wg2P2ZE\" \/>\n<meta name=\"robots\" content=\"noindex, follow\" \/>\n<meta property=\"og:locale\" content=\"ca_ES\" \/>\n<meta property=\"og:type\" content=\"article\" \/>\n<meta property=\"og:title\" content=\"Piel - C\u00eda. Batiska\" \/>\n<meta property=\"og:description\" content=\"Piel espect\u00e1culo Un di\u00e1logo \u00edntimo entre cuerpos y gravedad Piel\u2019 es la met\u00e1fora de un encuentro. Un acto de contact donde la gravedad es c\u00f3mplice y la piel el \u00fanico lenguaje. Para festivales de danza contempor\u00e1nea o espacios alternativos. -DOSSIER-AGENDA https:\/\/www.youtube.com\/watch?v=8o1_wg2P2ZE\" \/>\n<meta property=\"og:url\" content=\"https:\/\/ciabatiska.com\/ca\/piel\/\" \/>\n<meta property=\"og:site_name\" content=\"C\u00eda. Batiska\" \/>\n<meta property=\"article:modified_time\" content=\"2025-07-16T13:23:08+00:00\" \/>\n<meta property=\"og:image\" content=\"https:\/\/ciabatiska.com\/wp-content\/uploads\/elementor\/thumbs\/WhatsApp-Image-2025-03-03-at-11.23.07-9-r2o4wmyzuytpsah0xlmcsjyszbagexjoy37goe4mtk.jpeg\" \/>\n<meta name=\"twitter:card\" content=\"summary_large_image\" \/>\n<meta name=\"twitter:label1\" content=\"Temps estimat de lectura\" \/>\n\t<meta name=\"twitter:data1\" content=\"2 minuts\" \/>\n<script type=\"application\/ld+json\" class=\"yoast-schema-graph\">{\"@context\":\"https:\\\/\\\/schema.org\",\"@graph\":[{\"@type\":\"WebPage\",\"@id\":\"https:\\\/\\\/ciabatiska.com\\\/piel\\\/\",\"url\":\"https:\\\/\\\/ciabatiska.com\\\/piel\\\/\",\"name\":\"Piel - C\u00eda. Batiska\",\"isPartOf\":{\"@id\":\"https:\\\/\\\/ciabatiska.com\\\/#website\"},\"primaryImageOfPage\":{\"@id\":\"https:\\\/\\\/ciabatiska.com\\\/piel\\\/#primaryimage\"},\"image\":{\"@id\":\"https:\\\/\\\/ciabatiska.com\\\/piel\\\/#primaryimage\"},\"thumbnailUrl\":\"https:\\\/\\\/ciabatiska.com\\\/wp-content\\\/uploads\\\/elementor\\\/thumbs\\\/WhatsApp-Image-2025-03-03-at-11.23.07-9-r2o4wmyzuytpsah0xlmcsjyszbagexjoy37goe4mtk.jpeg\",\"datePublished\":\"2025-04-01T15:35:01+00:00\",\"dateModified\":\"2025-07-16T13:23:08+00:00\",\"breadcrumb\":{\"@id\":\"https:\\\/\\\/ciabatiska.com\\\/piel\\\/#breadcrumb\"},\"inLanguage\":\"ca\",\"potentialAction\":[{\"@type\":\"ReadAction\",\"target\":[\"https:\\\/\\\/ciabatiska.com\\\/piel\\\/\"]}]},{\"@type\":\"ImageObject\",\"inLanguage\":\"ca\",\"@id\":\"https:\\\/\\\/ciabatiska.com\\\/piel\\\/#primaryimage\",\"url\":\"https:\\\/\\\/ciabatiska.com\\\/wp-content\\\/uploads\\\/elementor\\\/thumbs\\\/WhatsApp-Image-2025-03-03-at-11.23.07-9-r2o4wmyzuytpsah0xlmcsjyszbagexjoy37goe4mtk.jpeg\",\"contentUrl\":\"https:\\\/\\\/ciabatiska.com\\\/wp-content\\\/uploads\\\/elementor\\\/thumbs\\\/WhatsApp-Image-2025-03-03-at-11.23.07-9-r2o4wmyzuytpsah0xlmcsjyszbagexjoy37goe4mtk.jpeg\"},{\"@type\":\"BreadcrumbList\",\"@id\":\"https:\\\/\\\/ciabatiska.com\\\/piel\\\/#breadcrumb\",\"itemListElement\":[{\"@type\":\"ListItem\",\"position\":1,\"name\":\"Portada\",\"item\":\"https:\\\/\\\/ciabatiska.com\\\/\"},{\"@type\":\"ListItem\",\"position\":2,\"name\":\"Piel\"}]},{\"@type\":\"WebSite\",\"@id\":\"https:\\\/\\\/ciabatiska.com\\\/#website\",\"url\":\"https:\\\/\\\/ciabatiska.com\\\/\",\"name\":\"C\u00eda. Batiska\",\"description\":\"espacio donde la danza y el circo se entrelazan para crear espect\u00e1culos memorables y talleres llenos de creatividad y movimiento.\",\"potentialAction\":[{\"@type\":\"SearchAction\",\"target\":{\"@type\":\"EntryPoint\",\"urlTemplate\":\"https:\\\/\\\/ciabatiska.com\\\/?s={search_term_string}\"},\"query-input\":{\"@type\":\"PropertyValueSpecification\",\"valueRequired\":true,\"valueName\":\"search_term_string\"}}],\"inLanguage\":\"ca\"}]}<\/script>\n<!-- \/ Yoast SEO plugin. -->","yoast_head_json":{"title":"Piel - C\u00eda. Batiska","description":"Piel espect\u00e1culo Un di\u00e1logo \u00edntimo entre cuerpos y gravedad Piel\u2019 es la met\u00e1fora de un encuentro. Un acto de contact donde la gravedad es c\u00f3mplice y la piel el \u00fanico lenguaje. Para festivales de danza contempor\u00e1nea o espacios alternativos. -DOSSIER-AGENDA https:\/\/www.youtube.com\/watch?v=8o1_wg2P2ZE","robots":{"index":"noindex","follow":"follow"},"og_locale":"ca_ES","og_type":"article","og_title":"Piel - C\u00eda. Batiska","og_description":"Piel espect\u00e1culo Un di\u00e1logo \u00edntimo entre cuerpos y gravedad Piel\u2019 es la met\u00e1fora de un encuentro. Un acto de contact donde la gravedad es c\u00f3mplice y la piel el \u00fanico lenguaje. Para festivales de danza contempor\u00e1nea o espacios alternativos. -DOSSIER-AGENDA https:\/\/www.youtube.com\/watch?v=8o1_wg2P2ZE","og_url":"https:\/\/ciabatiska.com\/ca\/piel\/","og_site_name":"C\u00eda. Batiska","article_modified_time":"2025-07-16T13:23:08+00:00","og_image":[{"url":"https:\/\/ciabatiska.com\/wp-content\/uploads\/elementor\/thumbs\/WhatsApp-Image-2025-03-03-at-11.23.07-9-r2o4wmyzuytpsah0xlmcsjyszbagexjoy37goe4mtk.jpeg","type":"","width":"","height":""}],"twitter_card":"summary_large_image","twitter_misc":{"Temps estimat de lectura":"2 minuts"},"schema":{"@context":"https:\/\/schema.org","@graph":[{"@type":"WebPage","@id":"https:\/\/ciabatiska.com\/piel\/","url":"https:\/\/ciabatiska.com\/piel\/","name":"Piel - C\u00eda. Batiska","isPartOf":{"@id":"https:\/\/ciabatiska.com\/#website"},"primaryImageOfPage":{"@id":"https:\/\/ciabatiska.com\/piel\/#primaryimage"},"image":{"@id":"https:\/\/ciabatiska.com\/piel\/#primaryimage"},"thumbnailUrl":"https:\/\/ciabatiska.com\/wp-content\/uploads\/elementor\/thumbs\/WhatsApp-Image-2025-03-03-at-11.23.07-9-r2o4wmyzuytpsah0xlmcsjyszbagexjoy37goe4mtk.jpeg","datePublished":"2025-04-01T15:35:01+00:00","dateModified":"2025-07-16T13:23:08+00:00","breadcrumb":{"@id":"https:\/\/ciabatiska.com\/piel\/#breadcrumb"},"inLanguage":"ca","potentialAction":[{"@type":"ReadAction","target":["https:\/\/ciabatiska.com\/piel\/"]}]},{"@type":"ImageObject","inLanguage":"ca","@id":"https:\/\/ciabatiska.com\/piel\/#primaryimage","url":"https:\/\/ciabatiska.com\/wp-content\/uploads\/elementor\/thumbs\/WhatsApp-Image-2025-03-03-at-11.23.07-9-r2o4wmyzuytpsah0xlmcsjyszbagexjoy37goe4mtk.jpeg","contentUrl":"https:\/\/ciabatiska.com\/wp-content\/uploads\/elementor\/thumbs\/WhatsApp-Image-2025-03-03-at-11.23.07-9-r2o4wmyzuytpsah0xlmcsjyszbagexjoy37goe4mtk.jpeg"},{"@type":"BreadcrumbList","@id":"https:\/\/ciabatiska.com\/piel\/#breadcrumb","itemListElement":[{"@type":"ListItem","position":1,"name":"Portada","item":"https:\/\/ciabatiska.com\/"},{"@type":"ListItem","position":2,"name":"Piel"}]},{"@type":"WebSite","@id":"https:\/\/ciabatiska.com\/#website","url":"https:\/\/ciabatiska.com\/","name":"C\u00eda. Batiska","description":"espacio donde la danza y el circo se entrelazan para crear espect\u00e1culos memorables y talleres llenos de creatividad y movimiento.","potentialAction":[{"@type":"SearchAction","target":{"@type":"EntryPoint","urlTemplate":"https:\/\/ciabatiska.com\/?s={search_term_string}"},"query-input":{"@type":"PropertyValueSpecification","valueRequired":true,"valueName":"search_term_string"}}],"inLanguage":"ca"}]}},"_links":{"self":[{"href":"https:\/\/ciabatiska.com\/ca\/wp-json\/wp\/v2\/pages\/420","targetHints":{"allow":["GET"]}}],"collection":[{"href":"https:\/\/ciabatiska.com\/ca\/wp-json\/wp\/v2\/pages"}],"about":[{"href":"https:\/\/ciabatiska.com\/ca\/wp-json\/wp\/v2\/types\/page"}],"author":[{"embeddable":true,"href":"https:\/\/ciabatiska.com\/ca\/wp-json\/wp\/v2\/users\/12"}],"replies":[{"embeddable":true,"href":"https:\/\/ciabatiska.com\/ca\/wp-json\/wp\/v2\/comments?post=420"}],"version-history":[{"count":27,"href":"https:\/\/ciabatiska.com\/ca\/wp-json\/wp\/v2\/pages\/420\/revisions"}],"predecessor-version":[{"id":1249,"href":"https:\/\/ciabatiska.com\/ca\/wp-json\/wp\/v2\/pages\/420\/revisions\/1249"}],"wp:attachment":[{"href":"https:\/\/ciabatiska.com\/ca\/wp-json\/wp\/v2\/media?parent=420"}],"curies":[{"name":"wp","href":"https:\/\/api.w.org\/{rel}","templated":true}]}}