{"id":466,"date":"2025-04-01T18:17:45","date_gmt":"2025-04-01T16:17:45","guid":{"rendered":"https:\/\/ciabatiska.com\/?page_id=466"},"modified":"2025-07-16T15:24:22","modified_gmt":"2025-07-16T13:24:22","slug":"taller-de-manipulacion-de-objetos-y-creacion-escenica","status":"publish","type":"page","link":"https:\/\/ciabatiska.com\/ca\/taller-de-manipulacion-de-objetos-y-creacion-escenica\/","title":{"rendered":"Taller de Manipulaci\u00f3 d'Objectes i Creaci\u00f3 Esc\u00e8nica"},"content":{"rendered":"<div data-elementor-type=\"wp-page\" data-elementor-id=\"466\" class=\"elementor elementor-466\" data-elementor-post-type=\"page\">\n\t\t\t\t\t\t<section class=\"elementor-section elementor-top-section elementor-element elementor-element-4a4fd16 elementor-section-height-min-height elementor-section-full_width elementor-section-height-default elementor-section-items-middle\" data-id=\"4a4fd16\" data-element_type=\"section\" data-e-type=\"section\" data-settings=\"{&quot;background_background&quot;:&quot;classic&quot;}\">\n\t\t\t\t\t\t\t<div class=\"elementor-background-overlay\"><\/div>\n\t\t\t\t\t\t\t<div class=\"elementor-container elementor-column-gap-default\">\n\t\t\t\t\t<div class=\"elementor-column elementor-col-100 elementor-top-column elementor-element elementor-element-6a3e27d\" data-id=\"6a3e27d\" data-element_type=\"column\" data-e-type=\"column\">\n\t\t\t<div class=\"elementor-widget-wrap elementor-element-populated\">\n\t\t\t\t\t\t<div class=\"elementor-element elementor-element-a8dcd91 elementor-widget elementor-widget-heading\" data-id=\"a8dcd91\" data-element_type=\"widget\" data-e-type=\"widget\" data-widget_type=\"heading.default\">\n\t\t\t\t<div class=\"elementor-widget-container\">\n\t\t\t\t\t<h1 class=\"elementor-heading-title elementor-size-default\">Taller de Manipulaci\u00f3 d'Objectes i Creaci\u00f3 Esc\u00e8nica\n<\/h1>\t\t\t\t<\/div>\n\t\t\t\t<\/div>\n\t\t\t\t\t<\/div>\n\t\t<\/div>\n\t\t\t\t\t<\/div>\n\t\t<\/section>\n\t\t\t\t<section class=\"elementor-section elementor-top-section elementor-element elementor-element-2385806 elementor-section-boxed elementor-section-height-default elementor-section-height-default\" data-id=\"2385806\" data-element_type=\"section\" data-e-type=\"section\" data-settings=\"{&quot;background_background&quot;:&quot;classic&quot;}\">\n\t\t\t\t\t\t\t<div class=\"elementor-background-overlay\"><\/div>\n\t\t\t\t\t\t\t<div class=\"elementor-container elementor-column-gap-default\">\n\t\t\t\t\t<div class=\"elementor-column elementor-col-100 elementor-top-column elementor-element elementor-element-171fcff\" data-id=\"171fcff\" data-element_type=\"column\" data-e-type=\"column\">\n\t\t\t<div class=\"elementor-widget-wrap elementor-element-populated\">\n\t\t\t\t\t\t<div class=\"elementor-element elementor-element-c973a3f elementor-widget elementor-widget-heading\" data-id=\"c973a3f\" data-element_type=\"widget\" data-e-type=\"widget\" data-widget_type=\"heading.default\">\n\t\t\t\t<div class=\"elementor-widget-container\">\n\t\t\t\t\t<h6 class=\"elementor-heading-title elementor-size-default\">Taller de Manipulaci\u00f3 d'Objectes i Creaci\u00f3 Esc\u00e8nica\n<\/h6>\t\t\t\t<\/div>\n\t\t\t\t<\/div>\n\t\t\t\t<div class=\"elementor-element elementor-element-19ba2c6 elementor-widget elementor-widget-text-editor\" data-id=\"19ba2c6\" data-element_type=\"widget\" data-e-type=\"widget\" data-widget_type=\"text-editor.default\">\n\t\t\t\t<div class=\"elementor-widget-container\">\n\t\t\t\t\t\t\t\t\t<p>Aquest taller proposa un apropament a la manipulaci\u00f3 dobjectes des duna perspectiva esc\u00e8nica. A trav\u00e9s del joc i l'exploraci\u00f3, els participants treballaran amb diferents elements (pilotes, bastons, mocadors, etc.) per trobar formes d'expressi\u00f3 noves. S'hi abordaran t\u00e8cniques b\u00e0siques i avan\u00e7ades de manipulaci\u00f3, aix\u00ed com eines per a la creaci\u00f3 de petites seq\u00fc\u00e8ncies performatives.<\/p>\t\t\t\t\t\t\t\t<\/div>\n\t\t\t\t<\/div>\n\t\t\t\t\t<\/div>\n\t\t<\/div>\n\t\t\t\t\t<\/div>\n\t\t<\/section>\n\t\t<div class=\"elementor-element elementor-element-3f5a3fb e-flex e-con-boxed e-con e-parent\" data-id=\"3f5a3fb\" data-element_type=\"container\" data-e-type=\"container\">\n\t\t\t\t\t<div class=\"e-con-inner\">\n\t\t<div class=\"elementor-element elementor-element-f2eef35 e-con-full e-flex e-con e-child\" data-id=\"f2eef35\" data-element_type=\"container\" data-e-type=\"container\">\n\t\t<div class=\"elementor-element elementor-element-07be6f9 e-flex e-con-boxed e-con e-child\" data-id=\"07be6f9\" data-element_type=\"container\" data-e-type=\"container\" data-settings=\"{&quot;position&quot;:&quot;absolute&quot;}\">\n\t\t\t\t\t<div class=\"e-con-inner\">\n\t\t\t\t<div class=\"elementor-element elementor-element-7ab6b83 elementor-widget__width-initial elementor-widget elementor-widget-text-editor\" data-id=\"7ab6b83\" data-element_type=\"widget\" data-e-type=\"widget\" data-widget_type=\"text-editor.default\">\n\t\t\t\t<div class=\"elementor-widget-container\">\n\t\t\t\t\t\t\t\t\t<p>-DOSSIER<br \/>-AGENDA<\/p>\t\t\t\t\t\t\t\t<\/div>\n\t\t\t\t<\/div>\n\t\t\t\t\t<\/div>\n\t\t\t\t<\/div>\n\t\t\t\t<\/div>\n\t\t<div class=\"elementor-element elementor-element-3ca1f72 e-con-full e-flex e-con e-child\" data-id=\"3ca1f72\" data-element_type=\"container\" data-e-type=\"container\">\n\t\t<div class=\"elementor-element elementor-element-aff9ce9 e-con-full e-flex e-con e-child\" data-id=\"aff9ce9\" data-element_type=\"container\" data-e-type=\"container\">\n\t\t\t\t<div class=\"elementor-element elementor-element-997d861 elementor-widget__width-initial elementor-widget elementor-widget-video\" data-id=\"997d861\" data-element_type=\"widget\" data-e-type=\"widget\" data-settings=\"{&quot;youtube_url&quot;:&quot;https:\\\/\\\/youtu.be\\\/8o1_wg2P2ZE&quot;,&quot;video_type&quot;:&quot;youtube&quot;,&quot;controls&quot;:&quot;yes&quot;}\" data-widget_type=\"video.default\">\n\t\t\t\t<div class=\"elementor-widget-container\">\n\t\t\t\t\t\t\t<div class=\"elementor-wrapper elementor-open-inline\">\n\t\t\t<div class=\"elementor-video\"><\/div>\t\t<\/div>\n\t\t\t\t\t\t<\/div>\n\t\t\t\t<\/div>\n\t\t\t\t<\/div>\n\t\t\t\t<\/div>\n\t\t\t\t\t<\/div>\n\t\t\t\t<\/div>\n\t\t<div class=\"elementor-element elementor-element-a121d25 e-con-full e-flex e-con e-parent\" data-id=\"a121d25\" data-element_type=\"container\" data-e-type=\"container\">\n\t\t<div class=\"elementor-element elementor-element-3e0d99e e-con-full e-flex e-con e-child\" data-id=\"3e0d99e\" data-element_type=\"container\" data-e-type=\"container\">\n\t\t\t\t<div class=\"elementor-element elementor-element-191adb0 elementor-arrows-position-inside elementor-widget elementor-widget-image-carousel\" data-id=\"191adb0\" data-element_type=\"widget\" data-e-type=\"widget\" data-settings=\"{&quot;navigation&quot;:&quot;arrows&quot;,&quot;image_spacing_custom&quot;:{&quot;unit&quot;:&quot;px&quot;,&quot;size&quot;:0,&quot;sizes&quot;:[]},&quot;autoplay&quot;:&quot;yes&quot;,&quot;pause_on_hover&quot;:&quot;yes&quot;,&quot;pause_on_interaction&quot;:&quot;yes&quot;,&quot;autoplay_speed&quot;:5000,&quot;infinite&quot;:&quot;yes&quot;,&quot;speed&quot;:500,&quot;image_spacing_custom_tablet&quot;:{&quot;unit&quot;:&quot;px&quot;,&quot;size&quot;:&quot;&quot;,&quot;sizes&quot;:[]},&quot;image_spacing_custom_mobile&quot;:{&quot;unit&quot;:&quot;px&quot;,&quot;size&quot;:&quot;&quot;,&quot;sizes&quot;:[]}}\" data-widget_type=\"image-carousel.default\">\n\t\t\t\t<div class=\"elementor-widget-container\">\n\t\t\t\t\t\t\t<div class=\"elementor-image-carousel-wrapper swiper\" role=\"region\" aria-roledescription=\"carousel\" aria-label=\"Carrusel de im\u00e1genes\" dir=\"ltr\">\n\t\t\t<div class=\"elementor-image-carousel swiper-wrapper\" aria-live=\"off\">\n\t\t\t\t\t\t\t\t<div class=\"swiper-slide\" role=\"group\" aria-roledescription=\"slide\" aria-label=\"1 de 10\"><figure class=\"swiper-slide-inner\"><img decoding=\"async\" class=\"swiper-slide-image\" src=\"https:\/\/ciabatiska.com\/wp-content\/uploads\/2025\/03\/image-7.png\" alt=\"\" \/><\/figure><\/div><div class=\"swiper-slide\" role=\"group\" aria-roledescription=\"slide\" aria-label=\"2 de 10\"><figure class=\"swiper-slide-inner\"><img decoding=\"async\" class=\"swiper-slide-image\" src=\"https:\/\/ciabatiska.com\/wp-content\/uploads\/elementor\/thumbs\/image-6-r2o9v6fe038f1v4sdrx9ei0r03ach8c8ts5oaheky0.png\" alt=\"image 6\" \/><\/figure><\/div><div class=\"swiper-slide\" role=\"group\" aria-roledescription=\"slide\" aria-label=\"3 de 10\"><figure class=\"swiper-slide-inner\"><img decoding=\"async\" class=\"swiper-slide-image\" src=\"https:\/\/ciabatiska.com\/wp-content\/uploads\/elementor\/thumbs\/WhatsApp-Image-2025-03-03-at-11.23.06-2-r2o4wsm0zz1fpy8u0o247ijkjminp462yv4dk1w9s8.jpeg\" alt=\"hombre malabares\" \/><\/figure><\/div><div class=\"swiper-slide\" role=\"group\" aria-roledescription=\"slide\" aria-label=\"4 de 10\"><figure class=\"swiper-slide-inner\"><img decoding=\"async\" class=\"swiper-slide-image\" src=\"https:\/\/ciabatiska.com\/wp-content\/uploads\/elementor\/thumbs\/WhatsApp-Image-2025-03-03-at-11.23.06-e1745503376575-r4u0k38484dg3jwp59xekcrbrr0gzvevee3epg2554.jpeg\" alt=\"WhatsApp Image 2025-03-03 at 11.23.06\" \/><\/figure><\/div><div class=\"swiper-slide\" role=\"group\" aria-roledescription=\"slide\" aria-label=\"5 de 10\"><figure class=\"swiper-slide-inner\"><img decoding=\"async\" class=\"swiper-slide-image\" src=\"https:\/\/ciabatiska.com\/wp-content\/uploads\/elementor\/thumbs\/WhatsApp-Image-2025-03-03-at-11.23.07-1-r2o4x12kphd0mfwjn9prbyepw3cyme3o00zqvjjq88.jpeg\" alt=\"WhatsApp Image 2025-03-03 at 11.23.07 (1)\" \/><\/figure><\/div><div class=\"swiper-slide\" role=\"group\" aria-roledescription=\"slide\" aria-label=\"6 de 10\"><figure class=\"swiper-slide-inner\"><img decoding=\"async\" class=\"swiper-slide-image\" src=\"https:\/\/ciabatiska.com\/wp-content\/uploads\/elementor\/thumbs\/WhatsApp-Image-2025-03-03-at-11.23.07-2-r2o4x2y935fl9nttcaj0gxxn2v3p1sb4oaapu3gxvs.jpeg\" alt=\"WhatsApp Image 2025-03-03 at 11.23.07 (2)\" \/><\/figure><\/div><div class=\"swiper-slide\" role=\"group\" aria-roledescription=\"slide\" aria-label=\"7 de 10\"><figure class=\"swiper-slide-inner\"><img decoding=\"async\" class=\"swiper-slide-image\" src=\"https:\/\/ciabatiska.com\/wp-content\/uploads\/2025\/03\/image-4.png\" alt=\"\" \/><\/figure><\/div><div class=\"swiper-slide\" role=\"group\" aria-roledescription=\"slide\" aria-label=\"8 de 10\"><figure class=\"swiper-slide-inner\"><img decoding=\"async\" class=\"swiper-slide-image\" src=\"https:\/\/ciabatiska.com\/wp-content\/uploads\/elementor\/thumbs\/image-8-r2o9urdyyqntw3qmtlf8altdhxch22ojfppwm20vpk.png\" alt=\"image 8\" \/><\/figure><\/div><div class=\"swiper-slide\" role=\"group\" aria-roledescription=\"slide\" aria-label=\"9 de 10\"><figure class=\"swiper-slide-inner\"><img decoding=\"async\" class=\"swiper-slide-image\" src=\"https:\/\/ciabatiska.com\/wp-content\/uploads\/elementor\/thumbs\/WhatsApp-Image-2025-03-03-at-11.23.07-7-r2o4wk5hagputgl4e2eh32of75ocru8hxp908k8tc8.jpeg\" alt=\"WhatsApp Image 2025-03-03 at 11.23.07 (7)\" \/><\/figure><\/div><div class=\"swiper-slide\" role=\"group\" aria-roledescription=\"slide\" aria-label=\"10 de 10\"><figure class=\"swiper-slide-inner\"><img decoding=\"async\" class=\"swiper-slide-image\" src=\"https:\/\/ciabatiska.com\/wp-content\/uploads\/elementor\/thumbs\/WhatsApp-Image-2025-03-03-at-11.23.07-9-r2o4wmyzuytpsah0xlmcsjyszbagexjoy37goe4mtk.jpeg\" alt=\"WhatsApp Image 2025-03-03 at 11.23.07 (9)\" \/><\/figure><\/div>\t\t\t<\/div>\n\t\t\t\t\t\t\t\t\t\t\t\t<div class=\"elementor-swiper-button elementor-swiper-button-prev\" role=\"button\" tabindex=\"0\">\n\t\t\t\t\t\t<svg aria-hidden=\"true\" class=\"e-font-icon-svg e-eicon-chevron-left\" viewbox=\"0 0 1000 1000\" xmlns=\"http:\/\/www.w3.org\/2000\/svg\"><path d=\"M646 125C629 125 613 133 604 142L308 442C296 454 292 471 292 487 292 504 296 521 308 533L604 854C617 867 629 875 646 875 663 875 679 871 692 858 704 846 713 829 713 812 713 796 708 779 692 767L438 487 692 225C700 217 708 204 708 187 708 171 704 154 692 142 675 129 663 125 646 125Z\"><\/path><\/svg>\t\t\t\t\t<\/div>\n\t\t\t\t\t<div class=\"elementor-swiper-button elementor-swiper-button-next\" role=\"button\" tabindex=\"0\">\n\t\t\t\t\t\t<svg aria-hidden=\"true\" class=\"e-font-icon-svg e-eicon-chevron-right\" viewbox=\"0 0 1000 1000\" xmlns=\"http:\/\/www.w3.org\/2000\/svg\"><path d=\"M696 533C708 521 713 504 713 487 713 471 708 454 696 446L400 146C388 133 375 125 354 125 338 125 325 129 313 142 300 154 292 171 292 187 292 204 296 221 308 233L563 492 304 771C292 783 288 800 288 817 288 833 296 850 308 863 321 871 338 875 354 875 371 875 388 867 400 854L696 533Z\"><\/path><\/svg>\t\t\t\t\t<\/div>\n\t\t\t\t\n\t\t\t\t\t\t\t\t\t<\/div>\n\t\t\t\t\t\t<\/div>\n\t\t\t\t<\/div>\n\t\t\t\t<\/div>\n\t\t\t\t<\/div>\n\t\t\t\t<\/div>","protected":false},"excerpt":{"rendered":"<p>Taller de Manipulaci\u00f3n de Objetos y Creaci\u00f3n Esc\u00e9nica Taller de Manipulaci\u00f3n de Objetos y Creaci\u00f3n Esc\u00e9nica Este taller propone un acercamiento a la manipulaci\u00f3n de objetos desde una perspectiva esc\u00e9nica. A trav\u00e9s del juego y la exploraci\u00f3n, los participantes trabajar\u00e1n con distintos elementos (pelotas, bastones, pa\u00f1uelos, etc.) para encontrar nuevas formas de expresi\u00f3n. Se abordar\u00e1n [&hellip;]<\/p>\n","protected":false},"author":12,"featured_media":0,"parent":0,"menu_order":0,"comment_status":"closed","ping_status":"closed","template":"elementor_header_footer","meta":{"footnotes":""},"class_list":["post-466","page","type-page","status-publish","hentry"],"yoast_head":"<!-- This site is optimized with the Yoast SEO plugin v27.5 - https:\/\/yoast.com\/product\/yoast-seo-wordpress\/ -->\n<title>Taller de Manipulaci\u00f3n de Objetos y Creaci\u00f3n Esc\u00e9nica - C\u00eda. Batiska<\/title>\n<meta name=\"robots\" content=\"noindex, follow\" \/>\n<meta property=\"og:locale\" content=\"ca_ES\" \/>\n<meta property=\"og:type\" content=\"article\" \/>\n<meta property=\"og:title\" content=\"Taller de Manipulaci\u00f3n de Objetos y Creaci\u00f3n Esc\u00e9nica - C\u00eda. Batiska\" \/>\n<meta property=\"og:description\" content=\"Taller de Manipulaci\u00f3n de Objetos y Creaci\u00f3n Esc\u00e9nica Taller de Manipulaci\u00f3n de Objetos y Creaci\u00f3n Esc\u00e9nica Este taller propone un acercamiento a la manipulaci\u00f3n de objetos desde una perspectiva esc\u00e9nica. A trav\u00e9s del juego y la exploraci\u00f3n, los participantes trabajar\u00e1n con distintos elementos (pelotas, bastones, pa\u00f1uelos, etc.) para encontrar nuevas formas de expresi\u00f3n. Se abordar\u00e1n [&hellip;]\" \/>\n<meta property=\"og:url\" content=\"https:\/\/ciabatiska.com\/ca\/taller-de-manipulacion-de-objetos-y-creacion-escenica\/\" \/>\n<meta property=\"og:site_name\" content=\"C\u00eda. Batiska\" \/>\n<meta property=\"article:modified_time\" content=\"2025-07-16T13:24:22+00:00\" \/>\n<meta property=\"og:image\" content=\"https:\/\/ciabatiska.com\/wp-content\/uploads\/elementor\/thumbs\/image-7-r2o9vb4ky9eunwxymbye8yu1z0n6jpuwiff3ov7m2w.png\" \/>\n<meta name=\"twitter:card\" content=\"summary_large_image\" \/>\n<meta name=\"twitter:label1\" content=\"Temps estimat de lectura\" \/>\n\t<meta name=\"twitter:data1\" content=\"3 minuts\" \/>\n<script type=\"application\/ld+json\" class=\"yoast-schema-graph\">{\"@context\":\"https:\\\/\\\/schema.org\",\"@graph\":[{\"@type\":\"WebPage\",\"@id\":\"https:\\\/\\\/ciabatiska.com\\\/taller-de-manipulacion-de-objetos-y-creacion-escenica\\\/\",\"url\":\"https:\\\/\\\/ciabatiska.com\\\/taller-de-manipulacion-de-objetos-y-creacion-escenica\\\/\",\"name\":\"Taller de Manipulaci\u00f3n de Objetos y Creaci\u00f3n Esc\u00e9nica - C\u00eda. Batiska\",\"isPartOf\":{\"@id\":\"https:\\\/\\\/ciabatiska.com\\\/#website\"},\"primaryImageOfPage\":{\"@id\":\"https:\\\/\\\/ciabatiska.com\\\/taller-de-manipulacion-de-objetos-y-creacion-escenica\\\/#primaryimage\"},\"image\":{\"@id\":\"https:\\\/\\\/ciabatiska.com\\\/taller-de-manipulacion-de-objetos-y-creacion-escenica\\\/#primaryimage\"},\"thumbnailUrl\":\"https:\\\/\\\/ciabatiska.com\\\/wp-content\\\/uploads\\\/elementor\\\/thumbs\\\/image-7-r2o9vb4ky9eunwxymbye8yu1z0n6jpuwiff3ov7m2w.png\",\"datePublished\":\"2025-04-01T16:17:45+00:00\",\"dateModified\":\"2025-07-16T13:24:22+00:00\",\"breadcrumb\":{\"@id\":\"https:\\\/\\\/ciabatiska.com\\\/taller-de-manipulacion-de-objetos-y-creacion-escenica\\\/#breadcrumb\"},\"inLanguage\":\"ca\",\"potentialAction\":[{\"@type\":\"ReadAction\",\"target\":[\"https:\\\/\\\/ciabatiska.com\\\/taller-de-manipulacion-de-objetos-y-creacion-escenica\\\/\"]}]},{\"@type\":\"ImageObject\",\"inLanguage\":\"ca\",\"@id\":\"https:\\\/\\\/ciabatiska.com\\\/taller-de-manipulacion-de-objetos-y-creacion-escenica\\\/#primaryimage\",\"url\":\"https:\\\/\\\/ciabatiska.com\\\/wp-content\\\/uploads\\\/elementor\\\/thumbs\\\/image-7-r2o9vb4ky9eunwxymbye8yu1z0n6jpuwiff3ov7m2w.png\",\"contentUrl\":\"https:\\\/\\\/ciabatiska.com\\\/wp-content\\\/uploads\\\/elementor\\\/thumbs\\\/image-7-r2o9vb4ky9eunwxymbye8yu1z0n6jpuwiff3ov7m2w.png\"},{\"@type\":\"BreadcrumbList\",\"@id\":\"https:\\\/\\\/ciabatiska.com\\\/taller-de-manipulacion-de-objetos-y-creacion-escenica\\\/#breadcrumb\",\"itemListElement\":[{\"@type\":\"ListItem\",\"position\":1,\"name\":\"Portada\",\"item\":\"https:\\\/\\\/ciabatiska.com\\\/\"},{\"@type\":\"ListItem\",\"position\":2,\"name\":\"Taller de Manipulaci\u00f3n de Objetos y Creaci\u00f3n Esc\u00e9nica\"}]},{\"@type\":\"WebSite\",\"@id\":\"https:\\\/\\\/ciabatiska.com\\\/#website\",\"url\":\"https:\\\/\\\/ciabatiska.com\\\/\",\"name\":\"C\u00eda. Batiska\",\"description\":\"espacio donde la danza y el circo se entrelazan para crear espect\u00e1culos memorables y talleres llenos de creatividad y movimiento.\",\"potentialAction\":[{\"@type\":\"SearchAction\",\"target\":{\"@type\":\"EntryPoint\",\"urlTemplate\":\"https:\\\/\\\/ciabatiska.com\\\/?s={search_term_string}\"},\"query-input\":{\"@type\":\"PropertyValueSpecification\",\"valueRequired\":true,\"valueName\":\"search_term_string\"}}],\"inLanguage\":\"ca\"}]}<\/script>\n<!-- \/ Yoast SEO plugin. -->","yoast_head_json":{"title":"Taller de Manipulaci\u00f3n de Objetos y Creaci\u00f3n Esc\u00e9nica - C\u00eda. Batiska","robots":{"index":"noindex","follow":"follow"},"og_locale":"ca_ES","og_type":"article","og_title":"Taller de Manipulaci\u00f3n de Objetos y Creaci\u00f3n Esc\u00e9nica - C\u00eda. Batiska","og_description":"Taller de Manipulaci\u00f3n de Objetos y Creaci\u00f3n Esc\u00e9nica Taller de Manipulaci\u00f3n de Objetos y Creaci\u00f3n Esc\u00e9nica Este taller propone un acercamiento a la manipulaci\u00f3n de objetos desde una perspectiva esc\u00e9nica. A trav\u00e9s del juego y la exploraci\u00f3n, los participantes trabajar\u00e1n con distintos elementos (pelotas, bastones, pa\u00f1uelos, etc.) para encontrar nuevas formas de expresi\u00f3n. Se abordar\u00e1n [&hellip;]","og_url":"https:\/\/ciabatiska.com\/ca\/taller-de-manipulacion-de-objetos-y-creacion-escenica\/","og_site_name":"C\u00eda. Batiska","article_modified_time":"2025-07-16T13:24:22+00:00","og_image":[{"url":"https:\/\/ciabatiska.com\/wp-content\/uploads\/elementor\/thumbs\/image-7-r2o9vb4ky9eunwxymbye8yu1z0n6jpuwiff3ov7m2w.png","type":"","width":"","height":""}],"twitter_card":"summary_large_image","twitter_misc":{"Temps estimat de lectura":"3 minuts"},"schema":{"@context":"https:\/\/schema.org","@graph":[{"@type":"WebPage","@id":"https:\/\/ciabatiska.com\/taller-de-manipulacion-de-objetos-y-creacion-escenica\/","url":"https:\/\/ciabatiska.com\/taller-de-manipulacion-de-objetos-y-creacion-escenica\/","name":"Taller de Manipulaci\u00f3n de Objetos y Creaci\u00f3n Esc\u00e9nica - C\u00eda. Batiska","isPartOf":{"@id":"https:\/\/ciabatiska.com\/#website"},"primaryImageOfPage":{"@id":"https:\/\/ciabatiska.com\/taller-de-manipulacion-de-objetos-y-creacion-escenica\/#primaryimage"},"image":{"@id":"https:\/\/ciabatiska.com\/taller-de-manipulacion-de-objetos-y-creacion-escenica\/#primaryimage"},"thumbnailUrl":"https:\/\/ciabatiska.com\/wp-content\/uploads\/elementor\/thumbs\/image-7-r2o9vb4ky9eunwxymbye8yu1z0n6jpuwiff3ov7m2w.png","datePublished":"2025-04-01T16:17:45+00:00","dateModified":"2025-07-16T13:24:22+00:00","breadcrumb":{"@id":"https:\/\/ciabatiska.com\/taller-de-manipulacion-de-objetos-y-creacion-escenica\/#breadcrumb"},"inLanguage":"ca","potentialAction":[{"@type":"ReadAction","target":["https:\/\/ciabatiska.com\/taller-de-manipulacion-de-objetos-y-creacion-escenica\/"]}]},{"@type":"ImageObject","inLanguage":"ca","@id":"https:\/\/ciabatiska.com\/taller-de-manipulacion-de-objetos-y-creacion-escenica\/#primaryimage","url":"https:\/\/ciabatiska.com\/wp-content\/uploads\/elementor\/thumbs\/image-7-r2o9vb4ky9eunwxymbye8yu1z0n6jpuwiff3ov7m2w.png","contentUrl":"https:\/\/ciabatiska.com\/wp-content\/uploads\/elementor\/thumbs\/image-7-r2o9vb4ky9eunwxymbye8yu1z0n6jpuwiff3ov7m2w.png"},{"@type":"BreadcrumbList","@id":"https:\/\/ciabatiska.com\/taller-de-manipulacion-de-objetos-y-creacion-escenica\/#breadcrumb","itemListElement":[{"@type":"ListItem","position":1,"name":"Portada","item":"https:\/\/ciabatiska.com\/"},{"@type":"ListItem","position":2,"name":"Taller de Manipulaci\u00f3n de Objetos y Creaci\u00f3n Esc\u00e9nica"}]},{"@type":"WebSite","@id":"https:\/\/ciabatiska.com\/#website","url":"https:\/\/ciabatiska.com\/","name":"C\u00eda. Batiska","description":"espacio donde la danza y el circo se entrelazan para crear espect\u00e1culos memorables y talleres llenos de creatividad y movimiento.","potentialAction":[{"@type":"SearchAction","target":{"@type":"EntryPoint","urlTemplate":"https:\/\/ciabatiska.com\/?s={search_term_string}"},"query-input":{"@type":"PropertyValueSpecification","valueRequired":true,"valueName":"search_term_string"}}],"inLanguage":"ca"}]}},"_links":{"self":[{"href":"https:\/\/ciabatiska.com\/ca\/wp-json\/wp\/v2\/pages\/466","targetHints":{"allow":["GET"]}}],"collection":[{"href":"https:\/\/ciabatiska.com\/ca\/wp-json\/wp\/v2\/pages"}],"about":[{"href":"https:\/\/ciabatiska.com\/ca\/wp-json\/wp\/v2\/types\/page"}],"author":[{"embeddable":true,"href":"https:\/\/ciabatiska.com\/ca\/wp-json\/wp\/v2\/users\/12"}],"replies":[{"embeddable":true,"href":"https:\/\/ciabatiska.com\/ca\/wp-json\/wp\/v2\/comments?post=466"}],"version-history":[{"count":25,"href":"https:\/\/ciabatiska.com\/ca\/wp-json\/wp\/v2\/pages\/466\/revisions"}],"predecessor-version":[{"id":1299,"href":"https:\/\/ciabatiska.com\/ca\/wp-json\/wp\/v2\/pages\/466\/revisions\/1299"}],"wp:attachment":[{"href":"https:\/\/ciabatiska.com\/ca\/wp-json\/wp\/v2\/media?parent=466"}],"curies":[{"name":"wp","href":"https:\/\/api.w.org\/{rel}","templated":true}]}}