{"id":174,"date":"2025-03-10T18:19:41","date_gmt":"2025-03-10T17:19:41","guid":{"rendered":"https:\/\/ciabatiska.com\/classes\/"},"modified":"2025-12-25T18:56:19","modified_gmt":"2025-12-25T17:56:19","slug":"talleres","status":"publish","type":"page","link":"https:\/\/ciabatiska.com\/en\/talleres\/","title":{"rendered":"Workshops"},"content":{"rendered":"<div data-elementor-type=\"wp-page\" data-elementor-id=\"174\" class=\"elementor elementor-174\" data-elementor-post-type=\"page\">\n\t\t\t\t\t\t<section class=\"elementor-section elementor-top-section elementor-element elementor-element-454c06fa elementor-section-height-min-height elementor-section-full_width elementor-section-height-default elementor-section-items-middle\" data-id=\"454c06fa\" data-element_type=\"section\" data-e-type=\"section\" data-settings=\"{&quot;background_background&quot;:&quot;classic&quot;}\">\n\t\t\t\t\t\t\t<div class=\"elementor-background-overlay\"><\/div>\n\t\t\t\t\t\t\t<div class=\"elementor-container elementor-column-gap-default\">\n\t\t\t\t\t<div class=\"elementor-column elementor-col-100 elementor-top-column elementor-element elementor-element-7cd98a55\" data-id=\"7cd98a55\" data-element_type=\"column\" data-e-type=\"column\">\n\t\t\t<div class=\"elementor-widget-wrap elementor-element-populated\">\n\t\t\t\t\t\t\t<\/div>\n\t\t<\/div>\n\t\t\t\t\t<\/div>\n\t\t<\/section>\n\t\t\t\t<section class=\"elementor-section elementor-top-section elementor-element elementor-element-d831e5f elementor-section-full_width elementor-section-height-default elementor-section-height-default\" data-id=\"d831e5f\" data-element_type=\"section\" data-e-type=\"section\">\n\t\t\t\t\t\t<div class=\"elementor-container elementor-column-gap-default\">\n\t\t\t\t\t<div class=\"elementor-column elementor-col-100 elementor-top-column elementor-element elementor-element-f98c67f\" data-id=\"f98c67f\" data-element_type=\"column\" data-e-type=\"column\">\n\t\t\t<div class=\"elementor-widget-wrap elementor-element-populated\">\n\t\t\t\t\t\t<div class=\"elementor-element elementor-element-f77bb43 elementor-widget-divider--view-line_text elementor-widget-divider--element-align-left elementor-widget elementor-widget-divider\" data-id=\"f77bb43\" data-element_type=\"widget\" data-e-type=\"widget\" data-widget_type=\"divider.default\">\n\t\t\t\t<div class=\"elementor-widget-container\">\n\t\t\t\t\t\t\t<div class=\"elementor-divider\">\n\t\t\t<span class=\"elementor-divider-separator\">\n\t\t\t\t\t\t\t<h6 class=\"elementor-divider__text elementor-divider__element\">\n\t\t\t\tWorkshops\t\t\t\t<\/h6>\n\t\t\t\t\t\t<\/span>\n\t\t<\/div>\n\t\t\t\t\t\t<\/div>\n\t\t\t\t<\/div>\n\t\t\t\t\t<\/div>\n\t\t<\/div>\n\t\t\t\t\t<\/div>\n\t\t<\/section>\n\t\t<div class=\"elementor-element elementor-element-6778754 e-con-full e-flex e-con e-parent\" data-id=\"6778754\" data-element_type=\"container\" data-e-type=\"container\">\n\t\t<div class=\"elementor-element elementor-element-980be72 e-con-full e-flex e-con e-child\" data-id=\"980be72\" data-element_type=\"container\" data-e-type=\"container\">\n\t\t\t\t<div class=\"elementor-element elementor-element-5e6cd94 elementor-widget elementor-widget-image\" data-id=\"5e6cd94\" data-element_type=\"widget\" data-e-type=\"widget\" data-widget_type=\"image.default\">\n\t\t\t\t<div class=\"elementor-widget-container\">\n\t\t\t\t\t\t\t\t\t\t\t\t\t\t\t\t<a href=\"https:\/\/ciabatiska.com\/en\/taller-de-malabares-y-movimiento\/\">\n\t\t\t\t\t\t\t<img fetchpriority=\"high\" decoding=\"async\" width=\"1200\" height=\"1600\" src=\"https:\/\/ciabatiska.com\/wp-content\/uploads\/2025\/03\/WhatsApp-Image-2025-03-03-at-11.23.06-2.jpeg\" class=\"attachment-full size-full wp-image-291\" alt=\"hombre malabares\" srcset=\"https:\/\/ciabatiska.com\/wp-content\/uploads\/2025\/03\/WhatsApp-Image-2025-03-03-at-11.23.06-2.jpeg 1200w, https:\/\/ciabatiska.com\/wp-content\/uploads\/2025\/03\/WhatsApp-Image-2025-03-03-at-11.23.06-2-225x300.jpeg 225w, https:\/\/ciabatiska.com\/wp-content\/uploads\/2025\/03\/WhatsApp-Image-2025-03-03-at-11.23.06-2-768x1024.jpeg 768w, https:\/\/ciabatiska.com\/wp-content\/uploads\/2025\/03\/WhatsApp-Image-2025-03-03-at-11.23.06-2-1152x1536.jpeg 1152w, https:\/\/ciabatiska.com\/wp-content\/uploads\/2025\/03\/elementor\/thumbs\/WhatsApp-Image-2025-03-03-at-11.23.06-2-r2o4wslzs4b9ybg8y1ws7v191o3u4wv3h0ijihixxc.jpeg 600w\" sizes=\"(max-width: 1200px) 100vw, 1200px\" \/>\t\t\t\t\t\t\t\t<\/a>\n\t\t\t\t\t\t\t\t\t\t\t\t\t\t\t<\/div>\n\t\t\t\t<\/div>\n\t\t\t\t<\/div>\n\t\t<div class=\"elementor-element elementor-element-57d3512 e-con-full e-flex e-con e-child\" data-id=\"57d3512\" data-element_type=\"container\" data-e-type=\"container\">\n\t\t\t\t<div class=\"elementor-element elementor-element-4fe3748 elementor-widget elementor-widget-image\" data-id=\"4fe3748\" data-element_type=\"widget\" data-e-type=\"widget\" data-widget_type=\"image.default\">\n\t\t\t\t<div class=\"elementor-widget-container\">\n\t\t\t\t\t\t\t\t\t\t\t\t\t\t\t\t<a href=\"https:\/\/ciabatiska.com\/en\/taller-de-acrodanza-y-expresion-corporal\/\">\n\t\t\t\t\t\t\t<img decoding=\"async\" width=\"924\" height=\"1100\" src=\"https:\/\/ciabatiska.com\/wp-content\/uploads\/2025\/03\/WhatsApp-Image-2025-03-03-at-11.23.07-e1745502244204.jpeg\" class=\"attachment-full size-full wp-image-289\" alt=\"\" srcset=\"https:\/\/ciabatiska.com\/wp-content\/uploads\/2025\/03\/WhatsApp-Image-2025-03-03-at-11.23.07-e1745502244204.jpeg 924w, https:\/\/ciabatiska.com\/wp-content\/uploads\/2025\/03\/WhatsApp-Image-2025-03-03-at-11.23.07-e1745502244204-252x300.jpeg 252w, https:\/\/ciabatiska.com\/wp-content\/uploads\/2025\/03\/WhatsApp-Image-2025-03-03-at-11.23.07-e1745502244204-860x1024.jpeg 860w, https:\/\/ciabatiska.com\/wp-content\/uploads\/2025\/03\/WhatsApp-Image-2025-03-03-at-11.23.07-e1745502244204-768x914.jpeg 768w, https:\/\/ciabatiska.com\/wp-content\/uploads\/2025\/03\/WhatsApp-Image-2025-03-03-at-11.23.07-e1745502244204-10x12.jpeg 10w\" sizes=\"(max-width: 924px) 100vw, 924px\" \/>\t\t\t\t\t\t\t\t<\/a>\n\t\t\t\t\t\t\t\t\t\t\t\t\t\t\t<\/div>\n\t\t\t\t<\/div>\n\t\t\t\t<\/div>\n\t\t<div class=\"elementor-element elementor-element-227b5a7 e-con-full e-flex e-con e-child\" data-id=\"227b5a7\" data-element_type=\"container\" data-e-type=\"container\">\n\t\t\t\t<div class=\"elementor-element elementor-element-b88f77a elementor-widget elementor-widget-image\" data-id=\"b88f77a\" data-element_type=\"widget\" data-e-type=\"widget\" data-widget_type=\"image.default\">\n\t\t\t\t<div class=\"elementor-widget-container\">\n\t\t\t\t\t\t\t\t\t\t\t\t\t\t\t\t<a href=\"https:\/\/ciabatiska.com\/en\/taller-de-contact-improvisation-y-equilibrio\/\">\n\t\t\t\t\t\t\t<img decoding=\"async\" width=\"890\" height=\"1592\" src=\"https:\/\/ciabatiska.com\/wp-content\/uploads\/2025\/03\/WhatsApp-Image-2025-03-03-at-11.23.06-4-e1750263458990.jpeg\" class=\"attachment-full size-full wp-image-293\" alt=\"\" srcset=\"https:\/\/ciabatiska.com\/wp-content\/uploads\/2025\/03\/WhatsApp-Image-2025-03-03-at-11.23.06-4-e1750263458990.jpeg 890w, https:\/\/ciabatiska.com\/wp-content\/uploads\/2025\/03\/WhatsApp-Image-2025-03-03-at-11.23.06-4-e1750263458990-168x300.jpeg 168w, https:\/\/ciabatiska.com\/wp-content\/uploads\/2025\/03\/WhatsApp-Image-2025-03-03-at-11.23.06-4-e1750263458990-572x1024.jpeg 572w, https:\/\/ciabatiska.com\/wp-content\/uploads\/2025\/03\/WhatsApp-Image-2025-03-03-at-11.23.06-4-e1750263458990-768x1374.jpeg 768w, https:\/\/ciabatiska.com\/wp-content\/uploads\/2025\/03\/WhatsApp-Image-2025-03-03-at-11.23.06-4-e1750263458990-859x1536.jpeg 859w, https:\/\/ciabatiska.com\/wp-content\/uploads\/2025\/03\/WhatsApp-Image-2025-03-03-at-11.23.06-4-e1750263458990-7x12.jpeg 7w\" sizes=\"(max-width: 890px) 100vw, 890px\" \/>\t\t\t\t\t\t\t\t<\/a>\n\t\t\t\t\t\t\t\t\t\t\t\t\t\t\t<\/div>\n\t\t\t\t<\/div>\n\t\t\t\t<\/div>\n\t\t\t\t<\/div>\n\t\t<div class=\"elementor-element elementor-element-70fb7b2 e-con-full e-flex e-con e-parent\" data-id=\"70fb7b2\" data-element_type=\"container\" data-e-type=\"container\">\n\t\t<div class=\"elementor-element elementor-element-39921c6 e-con-full e-flex e-con e-child\" data-id=\"39921c6\" data-element_type=\"container\" data-e-type=\"container\">\n\t\t\t\t<div class=\"elementor-element elementor-element-f724b71 elementor-widget elementor-widget-image\" data-id=\"f724b71\" data-element_type=\"widget\" data-e-type=\"widget\" data-widget_type=\"image.default\">\n\t\t\t\t<div class=\"elementor-widget-container\">\n\t\t\t\t\t\t\t\t\t\t\t\t\t\t\t\t<a href=\"https:\/\/ciabatiska.com\/en\/taller-de-manipulacion-de-objetos-y-creacion-escenica\/\">\n\t\t\t\t\t\t\t<img loading=\"lazy\" decoding=\"async\" width=\"923\" height=\"1586\" src=\"https:\/\/ciabatiska.com\/wp-content\/uploads\/2025\/03\/WhatsApp-Image-2025-03-03-at-11.23.06-3-e1750263870844.jpeg\" class=\"attachment-full size-full wp-image-292\" alt=\"\" srcset=\"https:\/\/ciabatiska.com\/wp-content\/uploads\/2025\/03\/WhatsApp-Image-2025-03-03-at-11.23.06-3-e1750263870844.jpeg 923w, https:\/\/ciabatiska.com\/wp-content\/uploads\/2025\/03\/WhatsApp-Image-2025-03-03-at-11.23.06-3-e1750263870844-175x300.jpeg 175w, https:\/\/ciabatiska.com\/wp-content\/uploads\/2025\/03\/WhatsApp-Image-2025-03-03-at-11.23.06-3-e1750263870844-596x1024.jpeg 596w, https:\/\/ciabatiska.com\/wp-content\/uploads\/2025\/03\/WhatsApp-Image-2025-03-03-at-11.23.06-3-e1750263870844-768x1320.jpeg 768w, https:\/\/ciabatiska.com\/wp-content\/uploads\/2025\/03\/WhatsApp-Image-2025-03-03-at-11.23.06-3-e1750263870844-894x1536.jpeg 894w, https:\/\/ciabatiska.com\/wp-content\/uploads\/2025\/03\/WhatsApp-Image-2025-03-03-at-11.23.06-3-e1750263870844-7x12.jpeg 7w\" sizes=\"(max-width: 923px) 100vw, 923px\" \/>\t\t\t\t\t\t\t\t<\/a>\n\t\t\t\t\t\t\t\t\t\t\t\t\t\t\t<\/div>\n\t\t\t\t<\/div>\n\t\t\t\t<\/div>\n\t\t\t\t<\/div>\n\t\t<div class=\"elementor-element elementor-element-2de02cb e-flex e-con-boxed e-con e-parent\" data-id=\"2de02cb\" data-element_type=\"container\" data-e-type=\"container\">\n\t\t\t\t\t<div class=\"e-con-inner\">\n\t\t\t\t<div class=\"elementor-element elementor-element-2ee565f elementor-widget-tablet__width-initial elementor-widget-mobile__width-initial elementor-absolute elementor-widget elementor-widget-text-editor\" data-id=\"2ee565f\" data-element_type=\"widget\" data-e-type=\"widget\" data-settings=\"{&quot;_position&quot;:&quot;absolute&quot;}\" data-widget_type=\"text-editor.default\">\n\t\t\t\t<div class=\"elementor-widget-container\">\n\t\t\t\t\t\t\t\t\t<p><span style=\"color: #ffffff;\"><strong>ACRODANZA Y EXPRESI\u00d3N CORPORAL<\/strong><\/span><\/p>\t\t\t\t\t\t\t\t<\/div>\n\t\t\t\t<\/div>\n\t\t\t\t<div class=\"elementor-element elementor-element-cb47c8f elementor-widget__width-initial elementor-widget-tablet__width-initial elementor-widget-mobile__width-initial elementor-absolute elementor-widget elementor-widget-text-editor\" data-id=\"cb47c8f\" data-element_type=\"widget\" data-e-type=\"widget\" data-settings=\"{&quot;_position&quot;:&quot;absolute&quot;}\" data-widget_type=\"text-editor.default\">\n\t\t\t\t<div class=\"elementor-widget-container\">\n\t\t\t\t\t\t\t\t\t<p><span style=\"color: #ffffff;\"><strong>CONTACT IMPROVISATION Y EQUILIBRIO<\/strong><\/span><\/p>\t\t\t\t\t\t\t\t<\/div>\n\t\t\t\t<\/div>\n\t\t\t\t<div class=\"elementor-element elementor-element-78d2b22 elementor-widget__width-initial elementor-widget-tablet__width-initial elementor-widget-mobile__width-initial elementor-absolute elementor-widget elementor-widget-text-editor\" data-id=\"78d2b22\" data-element_type=\"widget\" data-e-type=\"widget\" data-settings=\"{&quot;_position&quot;:&quot;absolute&quot;}\" data-widget_type=\"text-editor.default\">\n\t\t\t\t<div class=\"elementor-widget-container\">\n\t\t\t\t\t\t\t\t\t<p><strong><span style=\"color: #ffffff;\">MALABARES Y MOVIMIENTO<\/span><\/strong><\/p>\t\t\t\t\t\t\t\t<\/div>\n\t\t\t\t<\/div>\n\t\t\t\t<div class=\"elementor-element elementor-element-ab20a9c elementor-widget__width-initial elementor-widget-mobile__width-initial elementor-absolute elementor-widget elementor-widget-text-editor\" data-id=\"ab20a9c\" data-element_type=\"widget\" data-e-type=\"widget\" data-settings=\"{&quot;_position&quot;:&quot;absolute&quot;}\" data-widget_type=\"text-editor.default\">\n\t\t\t\t<div class=\"elementor-widget-container\">\n\t\t\t\t\t\t\t\t\t<p><span style=\"color: #ffffff;\"><strong>MANIPULACI\u00d3N DE OBJETOS Y CREACI\u00d3N ESC\u00c9NICA<\/strong><\/span><\/p>\t\t\t\t\t\t\t\t<\/div>\n\t\t\t\t<\/div>\n\t\t\t\t\t<\/div>\n\t\t\t\t<\/div>\n\t\t\t\t<\/div>","protected":false},"excerpt":{"rendered":"<p>Talleres ACRODANZA Y EXPRESI\u00d3N CORPORAL CONTACT IMPROVISATION Y EQUILIBRIO MALABARES Y MOVIMIENTO MANIPULACI\u00d3N DE OBJETOS Y CREACI\u00d3N ESC\u00c9NICA<\/p>","protected":false},"author":12,"featured_media":0,"parent":0,"menu_order":0,"comment_status":"closed","ping_status":"closed","template":"","meta":{"footnotes":""},"class_list":["post-174","page","type-page","status-publish","hentry"],"yoast_head":"<!-- This site is optimized with the Yoast SEO plugin v27.4 - https:\/\/yoast.com\/product\/yoast-seo-wordpress\/ -->\n<title>Talleres - C\u00eda. Batiska<\/title>\n<meta name=\"description\" content=\"Talleres ACRODANZA Y EXPRESI\u00d3N CORPORAL CONTACT IMPROVISATION Y EQUILIBRIO MALABARES Y MOVIMIENTO MANIPULACI\u00d3N DE OBJETOS Y CREACI\u00d3N ESC\u00c9NICA\" \/>\n<meta name=\"robots\" content=\"index, follow, max-snippet:-1, max-image-preview:large, max-video-preview:-1\" \/>\n<link rel=\"canonical\" href=\"https:\/\/ciabatiska.com\/en\/talleres\/\" \/>\n<meta property=\"og:locale\" content=\"en_GB\" \/>\n<meta property=\"og:type\" content=\"article\" \/>\n<meta property=\"og:title\" content=\"Talleres - C\u00eda. Batiska\" \/>\n<meta property=\"og:description\" content=\"Talleres ACRODANZA Y EXPRESI\u00d3N CORPORAL CONTACT IMPROVISATION Y EQUILIBRIO MALABARES Y MOVIMIENTO MANIPULACI\u00d3N DE OBJETOS Y CREACI\u00d3N ESC\u00c9NICA\" \/>\n<meta property=\"og:url\" content=\"https:\/\/ciabatiska.com\/en\/talleres\/\" \/>\n<meta property=\"og:site_name\" content=\"C\u00eda. Batiska\" \/>\n<meta property=\"article:modified_time\" content=\"2025-12-25T17:56:19+00:00\" \/>\n<meta property=\"og:image\" content=\"https:\/\/ciabatiska.com\/wp-content\/uploads\/2025\/03\/WhatsApp-Image-2025-03-03-at-11.23.06-2.jpeg\" \/>\n\t<meta property=\"og:image:width\" content=\"1200\" \/>\n\t<meta property=\"og:image:height\" content=\"1600\" \/>\n\t<meta property=\"og:image:type\" content=\"image\/jpeg\" \/>\n<meta name=\"twitter:card\" content=\"summary_large_image\" \/>\n<meta name=\"twitter:label1\" content=\"Estimated reading time\" \/>\n\t<meta name=\"twitter:data1\" content=\"1 minute\" \/>\n<script type=\"application\/ld+json\" class=\"yoast-schema-graph\">{\"@context\":\"https:\\\/\\\/schema.org\",\"@graph\":[{\"@type\":\"WebPage\",\"@id\":\"https:\\\/\\\/ciabatiska.com\\\/talleres\\\/\",\"url\":\"https:\\\/\\\/ciabatiska.com\\\/talleres\\\/\",\"name\":\"Talleres - C\u00eda. Batiska\",\"isPartOf\":{\"@id\":\"https:\\\/\\\/ciabatiska.com\\\/#website\"},\"primaryImageOfPage\":{\"@id\":\"https:\\\/\\\/ciabatiska.com\\\/talleres\\\/#primaryimage\"},\"image\":{\"@id\":\"https:\\\/\\\/ciabatiska.com\\\/talleres\\\/#primaryimage\"},\"thumbnailUrl\":\"https:\\\/\\\/ciabatiska.com\\\/wp-content\\\/uploads\\\/2025\\\/03\\\/WhatsApp-Image-2025-03-03-at-11.23.06-2.jpeg\",\"datePublished\":\"2025-03-10T17:19:41+00:00\",\"dateModified\":\"2025-12-25T17:56:19+00:00\",\"breadcrumb\":{\"@id\":\"https:\\\/\\\/ciabatiska.com\\\/talleres\\\/#breadcrumb\"},\"inLanguage\":\"en-GB\",\"potentialAction\":[{\"@type\":\"ReadAction\",\"target\":[\"https:\\\/\\\/ciabatiska.com\\\/talleres\\\/\"]}]},{\"@type\":\"ImageObject\",\"inLanguage\":\"en-GB\",\"@id\":\"https:\\\/\\\/ciabatiska.com\\\/talleres\\\/#primaryimage\",\"url\":\"https:\\\/\\\/ciabatiska.com\\\/wp-content\\\/uploads\\\/2025\\\/03\\\/WhatsApp-Image-2025-03-03-at-11.23.06-2.jpeg\",\"contentUrl\":\"https:\\\/\\\/ciabatiska.com\\\/wp-content\\\/uploads\\\/2025\\\/03\\\/WhatsApp-Image-2025-03-03-at-11.23.06-2.jpeg\"},{\"@type\":\"BreadcrumbList\",\"@id\":\"https:\\\/\\\/ciabatiska.com\\\/talleres\\\/#breadcrumb\",\"itemListElement\":[{\"@type\":\"ListItem\",\"position\":1,\"name\":\"Portada\",\"item\":\"https:\\\/\\\/ciabatiska.com\\\/\"},{\"@type\":\"ListItem\",\"position\":2,\"name\":\"Talleres\"}]},{\"@type\":\"WebSite\",\"@id\":\"https:\\\/\\\/ciabatiska.com\\\/#website\",\"url\":\"https:\\\/\\\/ciabatiska.com\\\/\",\"name\":\"C\u00eda. Batiska\",\"description\":\"espacio donde la danza y el circo se entrelazan para crear espect\u00e1culos memorables y talleres llenos de creatividad y movimiento.\",\"potentialAction\":[{\"@type\":\"SearchAction\",\"target\":{\"@type\":\"EntryPoint\",\"urlTemplate\":\"https:\\\/\\\/ciabatiska.com\\\/?s={search_term_string}\"},\"query-input\":{\"@type\":\"PropertyValueSpecification\",\"valueRequired\":true,\"valueName\":\"search_term_string\"}}],\"inLanguage\":\"en-GB\"}]}<\/script>\n<!-- \/ Yoast SEO plugin. -->","yoast_head_json":{"title":"Talleres - C\u00eda. Batiska","description":"Talleres ACRODANZA Y EXPRESI\u00d3N CORPORAL CONTACT IMPROVISATION Y EQUILIBRIO MALABARES Y MOVIMIENTO MANIPULACI\u00d3N DE OBJETOS Y CREACI\u00d3N ESC\u00c9NICA","robots":{"index":"index","follow":"follow","max-snippet":"max-snippet:-1","max-image-preview":"max-image-preview:large","max-video-preview":"max-video-preview:-1"},"canonical":"https:\/\/ciabatiska.com\/en\/talleres\/","og_locale":"en_GB","og_type":"article","og_title":"Talleres - C\u00eda. Batiska","og_description":"Talleres ACRODANZA Y EXPRESI\u00d3N CORPORAL CONTACT IMPROVISATION Y EQUILIBRIO MALABARES Y MOVIMIENTO MANIPULACI\u00d3N DE OBJETOS Y CREACI\u00d3N ESC\u00c9NICA","og_url":"https:\/\/ciabatiska.com\/en\/talleres\/","og_site_name":"C\u00eda. Batiska","article_modified_time":"2025-12-25T17:56:19+00:00","og_image":[{"width":1200,"height":1600,"url":"https:\/\/ciabatiska.com\/wp-content\/uploads\/2025\/03\/WhatsApp-Image-2025-03-03-at-11.23.06-2.jpeg","type":"image\/jpeg"}],"twitter_card":"summary_large_image","twitter_misc":{"Estimated reading time":"1 minute"},"schema":{"@context":"https:\/\/schema.org","@graph":[{"@type":"WebPage","@id":"https:\/\/ciabatiska.com\/talleres\/","url":"https:\/\/ciabatiska.com\/talleres\/","name":"Talleres - C\u00eda. Batiska","isPartOf":{"@id":"https:\/\/ciabatiska.com\/#website"},"primaryImageOfPage":{"@id":"https:\/\/ciabatiska.com\/talleres\/#primaryimage"},"image":{"@id":"https:\/\/ciabatiska.com\/talleres\/#primaryimage"},"thumbnailUrl":"https:\/\/ciabatiska.com\/wp-content\/uploads\/2025\/03\/WhatsApp-Image-2025-03-03-at-11.23.06-2.jpeg","datePublished":"2025-03-10T17:19:41+00:00","dateModified":"2025-12-25T17:56:19+00:00","breadcrumb":{"@id":"https:\/\/ciabatiska.com\/talleres\/#breadcrumb"},"inLanguage":"en-GB","potentialAction":[{"@type":"ReadAction","target":["https:\/\/ciabatiska.com\/talleres\/"]}]},{"@type":"ImageObject","inLanguage":"en-GB","@id":"https:\/\/ciabatiska.com\/talleres\/#primaryimage","url":"https:\/\/ciabatiska.com\/wp-content\/uploads\/2025\/03\/WhatsApp-Image-2025-03-03-at-11.23.06-2.jpeg","contentUrl":"https:\/\/ciabatiska.com\/wp-content\/uploads\/2025\/03\/WhatsApp-Image-2025-03-03-at-11.23.06-2.jpeg"},{"@type":"BreadcrumbList","@id":"https:\/\/ciabatiska.com\/talleres\/#breadcrumb","itemListElement":[{"@type":"ListItem","position":1,"name":"Portada","item":"https:\/\/ciabatiska.com\/"},{"@type":"ListItem","position":2,"name":"Talleres"}]},{"@type":"WebSite","@id":"https:\/\/ciabatiska.com\/#website","url":"https:\/\/ciabatiska.com\/","name":"C\u00eda. Batiska","description":"espacio donde la danza y el circo se entrelazan para crear espect\u00e1culos memorables y talleres llenos de creatividad y movimiento.","potentialAction":[{"@type":"SearchAction","target":{"@type":"EntryPoint","urlTemplate":"https:\/\/ciabatiska.com\/?s={search_term_string}"},"query-input":{"@type":"PropertyValueSpecification","valueRequired":true,"valueName":"search_term_string"}}],"inLanguage":"en-GB"}]}},"_links":{"self":[{"href":"https:\/\/ciabatiska.com\/en\/wp-json\/wp\/v2\/pages\/174","targetHints":{"allow":["GET"]}}],"collection":[{"href":"https:\/\/ciabatiska.com\/en\/wp-json\/wp\/v2\/pages"}],"about":[{"href":"https:\/\/ciabatiska.com\/en\/wp-json\/wp\/v2\/types\/page"}],"author":[{"embeddable":true,"href":"https:\/\/ciabatiska.com\/en\/wp-json\/wp\/v2\/users\/12"}],"replies":[{"embeddable":true,"href":"https:\/\/ciabatiska.com\/en\/wp-json\/wp\/v2\/comments?post=174"}],"version-history":[{"count":272,"href":"https:\/\/ciabatiska.com\/en\/wp-json\/wp\/v2\/pages\/174\/revisions"}],"predecessor-version":[{"id":1443,"href":"https:\/\/ciabatiska.com\/en\/wp-json\/wp\/v2\/pages\/174\/revisions\/1443"}],"wp:attachment":[{"href":"https:\/\/ciabatiska.com\/en\/wp-json\/wp\/v2\/media?parent=174"}],"curies":[{"name":"wp","href":"https:\/\/api.w.org\/{rel}","templated":true}]}}