{"id":408,"date":"2025-04-01T17:19:02","date_gmt":"2025-04-01T15:19:02","guid":{"rendered":"https:\/\/ciabatiska.com\/?page_id=408"},"modified":"2025-07-16T15:22:59","modified_gmt":"2025-07-16T13:22:59","slug":"aquellos-anos-20","status":"publish","type":"page","link":"https:\/\/ciabatiska.com\/en\/aquellos-anos-20\/","title":{"rendered":"Those 20s"},"content":{"rendered":"<div data-elementor-type=\"wp-page\" data-elementor-id=\"408\" class=\"elementor elementor-408\" data-elementor-post-type=\"page\">\n\t\t\t\t\t\t<section class=\"elementor-section elementor-top-section elementor-element elementor-element-5244677 elementor-section-height-min-height elementor-section-full_width elementor-section-height-default elementor-section-items-middle\" data-id=\"5244677\" data-element_type=\"section\" data-e-type=\"section\" data-settings=\"{&quot;background_background&quot;:&quot;classic&quot;}\">\n\t\t\t\t\t\t\t<div class=\"elementor-background-overlay\"><\/div>\n\t\t\t\t\t\t\t<div class=\"elementor-container elementor-column-gap-default\">\n\t\t\t\t\t<div class=\"elementor-column elementor-col-100 elementor-top-column elementor-element elementor-element-bb6791e\" data-id=\"bb6791e\" data-element_type=\"column\" data-e-type=\"column\">\n\t\t\t<div class=\"elementor-widget-wrap elementor-element-populated\">\n\t\t\t\t\t\t<div class=\"elementor-element elementor-element-e5a27a1 elementor-widget elementor-widget-heading\" data-id=\"e5a27a1\" data-element_type=\"widget\" data-e-type=\"widget\" data-widget_type=\"heading.default\">\n\t\t\t\t<div class=\"elementor-widget-container\">\n\t\t\t\t\t<h1 class=\"elementor-heading-title elementor-size-default\">Those 20s<\/h1>\t\t\t\t<\/div>\n\t\t\t\t<\/div>\n\t\t\t\t\t<\/div>\n\t\t<\/div>\n\t\t\t\t\t<\/div>\n\t\t<\/section>\n\t\t\t\t<section class=\"elementor-section elementor-top-section elementor-element elementor-element-10a1960 elementor-section-boxed elementor-section-height-default elementor-section-height-default\" data-id=\"10a1960\" data-element_type=\"section\" data-e-type=\"section\" data-settings=\"{&quot;background_background&quot;:&quot;classic&quot;}\">\n\t\t\t\t\t\t\t<div class=\"elementor-background-overlay\"><\/div>\n\t\t\t\t\t\t\t<div class=\"elementor-container elementor-column-gap-default\">\n\t\t\t\t\t<div class=\"elementor-column elementor-col-100 elementor-top-column elementor-element elementor-element-64613ee\" data-id=\"64613ee\" data-element_type=\"column\" data-e-type=\"column\">\n\t\t\t<div class=\"elementor-widget-wrap elementor-element-populated\">\n\t\t\t\t\t\t<div class=\"elementor-element elementor-element-1a0240d elementor-widget elementor-widget-heading\" data-id=\"1a0240d\" data-element_type=\"widget\" data-e-type=\"widget\" data-widget_type=\"heading.default\">\n\t\t\t\t<div class=\"elementor-widget-container\">\n\t\t\t\t\t<h6 class=\"elementor-heading-title elementor-size-default\">espect\u00e1culo<\/h6>\t\t\t\t<\/div>\n\t\t\t\t<\/div>\n\t\t\t\t<div class=\"elementor-element elementor-element-bb1a5b8 elementor-widget elementor-widget-text-editor\" data-id=\"bb1a5b8\" data-element_type=\"widget\" data-e-type=\"widget\" data-widget_type=\"text-editor.default\">\n\t\t\t\t<div class=\"elementor-widget-container\">\n\t\t\t\t\t\t\t\t\t<p data-pm-slice=\"1 1 []\"><em>Un homenaje al circo vintage con alma de jazz<\/em><\/p>\t\t\t\t\t\t\t\t<\/div>\n\t\t\t\t<\/div>\n\t\t\t\t<div class=\"elementor-element elementor-element-e4ba847 elementor-widget elementor-widget-text-editor\" data-id=\"e4ba847\" data-element_type=\"widget\" data-e-type=\"widget\" data-widget_type=\"text-editor.default\">\n\t\t\t\t<div class=\"elementor-widget-container\">\n\t\t\t\t\t\t\t\t\t<p><em>El circo se viste de gala! \u2018Aquellos a\u00f1os 20\u2019 revive la magia del vintage con malabares swing, equilibrios de \u00e9poca y la energ\u00eda de un jazz que no se apaga. Ideal para festivales, teatros y eventos con alma retro.<\/em><\/p>\t\t\t\t\t\t\t\t<\/div>\n\t\t\t\t<\/div>\n\t\t\t\t\t<\/div>\n\t\t<\/div>\n\t\t\t\t\t<\/div>\n\t\t<\/section>\n\t\t<div class=\"elementor-element elementor-element-68cfa4b e-flex e-con-boxed e-con e-parent\" data-id=\"68cfa4b\" data-element_type=\"container\" data-e-type=\"container\">\n\t\t\t\t\t<div class=\"e-con-inner\">\n\t\t<div class=\"elementor-element elementor-element-bd8d81c e-con-full e-flex e-con e-child\" data-id=\"bd8d81c\" data-element_type=\"container\" data-e-type=\"container\">\n\t\t<div class=\"elementor-element elementor-element-fd295a5 e-flex e-con-boxed e-con e-child\" data-id=\"fd295a5\" data-element_type=\"container\" data-e-type=\"container\" data-settings=\"{&quot;position&quot;:&quot;absolute&quot;}\">\n\t\t\t\t\t<div class=\"e-con-inner\">\n\t\t\t\t<div class=\"elementor-element elementor-element-3ca5fe7 elementor-widget__width-initial elementor-widget elementor-widget-text-editor\" data-id=\"3ca5fe7\" data-element_type=\"widget\" data-e-type=\"widget\" data-widget_type=\"text-editor.default\">\n\t\t\t\t<div class=\"elementor-widget-container\">\n\t\t\t\t\t\t\t\t\t<p>-DOSSIER<br \/>-AGENDA<\/p>\t\t\t\t\t\t\t\t<\/div>\n\t\t\t\t<\/div>\n\t\t\t\t\t<\/div>\n\t\t\t\t<\/div>\n\t\t\t\t<\/div>\n\t\t<div class=\"elementor-element elementor-element-71cc747 e-con-full e-flex e-con e-child\" data-id=\"71cc747\" data-element_type=\"container\" data-e-type=\"container\">\n\t\t<div class=\"elementor-element elementor-element-4cca980 e-con-full e-flex e-con e-child\" data-id=\"4cca980\" data-element_type=\"container\" data-e-type=\"container\">\n\t\t\t\t<div class=\"elementor-element elementor-element-be1af70 elementor-widget__width-initial elementor-widget elementor-widget-video\" data-id=\"be1af70\" data-element_type=\"widget\" data-e-type=\"widget\" data-settings=\"{&quot;youtube_url&quot;:&quot;https:\\\/\\\/www.youtube.com\\\/watch?v=WAKqcWv9vSE&quot;,&quot;video_type&quot;:&quot;youtube&quot;,&quot;controls&quot;:&quot;yes&quot;}\" data-widget_type=\"video.default\">\n\t\t\t\t<div class=\"elementor-widget-container\">\n\t\t\t\t\t\t\t<div class=\"elementor-wrapper elementor-open-inline\">\n\t\t\t<div class=\"elementor-video\"><\/div>\t\t<\/div>\n\t\t\t\t\t\t<\/div>\n\t\t\t\t<\/div>\n\t\t\t\t<\/div>\n\t\t\t\t<\/div>\n\t\t\t\t\t<\/div>\n\t\t\t\t<\/div>\n\t\t<div class=\"elementor-element elementor-element-8d85fa2 e-con-full e-flex e-con e-parent\" data-id=\"8d85fa2\" data-element_type=\"container\" data-e-type=\"container\">\n\t\t\t\t<div class=\"elementor-element elementor-element-83514d2 elementor-arrows-position-inside elementor-widget elementor-widget-image-carousel\" data-id=\"83514d2\" data-element_type=\"widget\" data-e-type=\"widget\" data-settings=\"{&quot;navigation&quot;:&quot;arrows&quot;,&quot;image_spacing_custom&quot;:{&quot;unit&quot;:&quot;px&quot;,&quot;size&quot;:0,&quot;sizes&quot;:[]},&quot;autoplay&quot;:&quot;yes&quot;,&quot;pause_on_hover&quot;:&quot;yes&quot;,&quot;pause_on_interaction&quot;:&quot;yes&quot;,&quot;autoplay_speed&quot;:5000,&quot;infinite&quot;:&quot;yes&quot;,&quot;speed&quot;:500,&quot;image_spacing_custom_tablet&quot;:{&quot;unit&quot;:&quot;px&quot;,&quot;size&quot;:&quot;&quot;,&quot;sizes&quot;:[]},&quot;image_spacing_custom_mobile&quot;:{&quot;unit&quot;:&quot;px&quot;,&quot;size&quot;:&quot;&quot;,&quot;sizes&quot;:[]}}\" data-widget_type=\"image-carousel.default\">\n\t\t\t\t<div class=\"elementor-widget-container\">\n\t\t\t\t\t\t\t<div class=\"elementor-image-carousel-wrapper swiper\" role=\"region\" aria-roledescription=\"carousel\" aria-label=\"Carrusel de im\u00e1genes\" dir=\"ltr\">\n\t\t\t<div class=\"elementor-image-carousel swiper-wrapper\" aria-live=\"off\">\n\t\t\t\t\t\t\t\t<div class=\"swiper-slide\" role=\"group\" aria-roledescription=\"slide\" aria-label=\"1 of 3\" data-no-translation-aria-label=\"\"><figure class=\"swiper-slide-inner\"><img decoding=\"async\" class=\"swiper-slide-image\" src=\"https:\/\/ciabatiska.com\/wp-content\/uploads\/elementor\/thumbs\/WhatsApp-Image-2025-03-03-at-11.23.06-1-r2o4wqqcmayv2qbkbn8v2j0ncurx9pymaltelhz24o.jpeg\" alt=\"WhatsApp Image 2025-03-03 at 11.23.06 (1)\" \/><\/figure><\/div><div class=\"swiper-slide\" role=\"group\" aria-roledescription=\"slide\" aria-label=\"2 of 3\" data-no-translation-aria-label=\"\"><figure class=\"swiper-slide-inner\"><img decoding=\"async\" class=\"swiper-slide-image\" src=\"https:\/\/ciabatiska.com\/wp-content\/uploads\/elementor\/thumbs\/WhatsApp-Image-2025-03-03-at-11.23.06-e1745503376575-r4u0k38484dg3jwp59xekcrbrr0gzvevee3epg2554.jpeg\" alt=\"WhatsApp Image 2025-03-03 at 11.23.06\" \/><\/figure><\/div><div class=\"swiper-slide\" role=\"group\" aria-roledescription=\"slide\" aria-label=\"3 of 3\" data-no-translation-aria-label=\"\"><figure class=\"swiper-slide-inner\"><img decoding=\"async\" class=\"swiper-slide-image\" src=\"https:\/\/ciabatiska.com\/wp-content\/uploads\/elementor\/thumbs\/WhatsApp-Image-2025-03-03-at-11.23.07-1-r2o4x12kphd0mfwjn9prbyepw3cyme3o00zqvjjq88.jpeg\" alt=\"WhatsApp Image 2025-03-03 at 11.23.07 (1)\" \/><\/figure><\/div>\t\t\t<\/div>\n\t\t\t\t\t\t\t\t\t\t\t\t<div class=\"elementor-swiper-button elementor-swiper-button-prev\" role=\"button\" tabindex=\"0\">\n\t\t\t\t\t\t<svg aria-hidden=\"true\" class=\"e-font-icon-svg e-eicon-chevron-left\" viewbox=\"0 0 1000 1000\" xmlns=\"http:\/\/www.w3.org\/2000\/svg\"><path d=\"M646 125C629 125 613 133 604 142L308 442C296 454 292 471 292 487 292 504 296 521 308 533L604 854C617 867 629 875 646 875 663 875 679 871 692 858 704 846 713 829 713 812 713 796 708 779 692 767L438 487 692 225C700 217 708 204 708 187 708 171 704 154 692 142 675 129 663 125 646 125Z\"><\/path><\/svg>\t\t\t\t\t<\/div>\n\t\t\t\t\t<div class=\"elementor-swiper-button elementor-swiper-button-next\" role=\"button\" tabindex=\"0\">\n\t\t\t\t\t\t<svg aria-hidden=\"true\" class=\"e-font-icon-svg e-eicon-chevron-right\" viewbox=\"0 0 1000 1000\" xmlns=\"http:\/\/www.w3.org\/2000\/svg\"><path d=\"M696 533C708 521 713 504 713 487 713 471 708 454 696 446L400 146C388 133 375 125 354 125 338 125 325 129 313 142 300 154 292 171 292 187 292 204 296 221 308 233L563 492 304 771C292 783 288 800 288 817 288 833 296 850 308 863 321 871 338 875 354 875 371 875 388 867 400 854L696 533Z\"><\/path><\/svg>\t\t\t\t\t<\/div>\n\t\t\t\t\n\t\t\t\t\t\t\t\t\t<\/div>\n\t\t\t\t\t\t<\/div>\n\t\t\t\t<\/div>\n\t\t\t\t<\/div>\n\t\t\t\t<\/div>","protected":false},"excerpt":{"rendered":"<p>Aquellos a\u00f1os 20 espect\u00e1culo Un homenaje al circo vintage con alma de jazz El circo se viste de gala! \u2018Aquellos a\u00f1os 20\u2019 revive la magia del vintage con malabares swing, equilibrios de \u00e9poca y la energ\u00eda de un jazz que no se apaga. Ideal para festivales, teatros y eventos con alma retro. -DOSSIER-AGENDA https:\/\/www.youtube.com\/watch?v=WAKqcWv9vSE<\/p>","protected":false},"author":12,"featured_media":0,"parent":0,"menu_order":0,"comment_status":"closed","ping_status":"closed","template":"","meta":{"footnotes":""},"class_list":["post-408","page","type-page","status-publish","hentry"],"yoast_head":"<!-- This site is optimized with the Yoast SEO plugin v27.5 - https:\/\/yoast.com\/product\/yoast-seo-wordpress\/ -->\n<title>Aquellos a\u00f1os 20 - C\u00eda. Batiska<\/title>\n<meta name=\"robots\" content=\"noindex, follow\" \/>\n<meta property=\"og:locale\" content=\"en_GB\" \/>\n<meta property=\"og:type\" content=\"article\" \/>\n<meta property=\"og:title\" content=\"Aquellos a\u00f1os 20 - C\u00eda. Batiska\" \/>\n<meta property=\"og:description\" content=\"Aquellos a\u00f1os 20 espect\u00e1culo Un homenaje al circo vintage con alma de jazz El circo se viste de gala! \u2018Aquellos a\u00f1os 20\u2019 revive la magia del vintage con malabares swing, equilibrios de \u00e9poca y la energ\u00eda de un jazz que no se apaga. Ideal para festivales, teatros y eventos con alma retro. -DOSSIER-AGENDA https:\/\/www.youtube.com\/watch?v=WAKqcWv9vSE\" \/>\n<meta property=\"og:url\" content=\"https:\/\/ciabatiska.com\/en\/aquellos-anos-20\/\" \/>\n<meta property=\"og:site_name\" content=\"C\u00eda. Batiska\" \/>\n<meta property=\"article:modified_time\" content=\"2025-07-16T13:22:59+00:00\" \/>\n<meta property=\"og:image\" content=\"https:\/\/ciabatiska.com\/wp-content\/uploads\/elementor\/thumbs\/WhatsApp-Image-2025-03-03-at-11.23.06-1-r2o4wqqcmayv2qbkbn8v2j0ncurx9pymaltelhz24o.jpeg\" \/>\n<meta name=\"twitter:card\" content=\"summary_large_image\" \/>\n<meta name=\"twitter:label1\" content=\"Estimated reading time\" \/>\n\t<meta name=\"twitter:data1\" content=\"1 minute\" \/>\n<script type=\"application\/ld+json\" class=\"yoast-schema-graph\">{\"@context\":\"https:\\\/\\\/schema.org\",\"@graph\":[{\"@type\":\"WebPage\",\"@id\":\"https:\\\/\\\/ciabatiska.com\\\/aquellos-anos-20\\\/\",\"url\":\"https:\\\/\\\/ciabatiska.com\\\/aquellos-anos-20\\\/\",\"name\":\"Aquellos a\u00f1os 20 - C\u00eda. Batiska\",\"isPartOf\":{\"@id\":\"https:\\\/\\\/ciabatiska.com\\\/#website\"},\"primaryImageOfPage\":{\"@id\":\"https:\\\/\\\/ciabatiska.com\\\/aquellos-anos-20\\\/#primaryimage\"},\"image\":{\"@id\":\"https:\\\/\\\/ciabatiska.com\\\/aquellos-anos-20\\\/#primaryimage\"},\"thumbnailUrl\":\"https:\\\/\\\/ciabatiska.com\\\/wp-content\\\/uploads\\\/elementor\\\/thumbs\\\/WhatsApp-Image-2025-03-03-at-11.23.06-1-r2o4wqqcmayv2qbkbn8v2j0ncurx9pymaltelhz24o.jpeg\",\"datePublished\":\"2025-04-01T15:19:02+00:00\",\"dateModified\":\"2025-07-16T13:22:59+00:00\",\"breadcrumb\":{\"@id\":\"https:\\\/\\\/ciabatiska.com\\\/aquellos-anos-20\\\/#breadcrumb\"},\"inLanguage\":\"en-GB\",\"potentialAction\":[{\"@type\":\"ReadAction\",\"target\":[\"https:\\\/\\\/ciabatiska.com\\\/aquellos-anos-20\\\/\"]}]},{\"@type\":\"ImageObject\",\"inLanguage\":\"en-GB\",\"@id\":\"https:\\\/\\\/ciabatiska.com\\\/aquellos-anos-20\\\/#primaryimage\",\"url\":\"https:\\\/\\\/ciabatiska.com\\\/wp-content\\\/uploads\\\/elementor\\\/thumbs\\\/WhatsApp-Image-2025-03-03-at-11.23.06-1-r2o4wqqcmayv2qbkbn8v2j0ncurx9pymaltelhz24o.jpeg\",\"contentUrl\":\"https:\\\/\\\/ciabatiska.com\\\/wp-content\\\/uploads\\\/elementor\\\/thumbs\\\/WhatsApp-Image-2025-03-03-at-11.23.06-1-r2o4wqqcmayv2qbkbn8v2j0ncurx9pymaltelhz24o.jpeg\"},{\"@type\":\"BreadcrumbList\",\"@id\":\"https:\\\/\\\/ciabatiska.com\\\/aquellos-anos-20\\\/#breadcrumb\",\"itemListElement\":[{\"@type\":\"ListItem\",\"position\":1,\"name\":\"Portada\",\"item\":\"https:\\\/\\\/ciabatiska.com\\\/\"},{\"@type\":\"ListItem\",\"position\":2,\"name\":\"Aquellos a\u00f1os 20\"}]},{\"@type\":\"WebSite\",\"@id\":\"https:\\\/\\\/ciabatiska.com\\\/#website\",\"url\":\"https:\\\/\\\/ciabatiska.com\\\/\",\"name\":\"C\u00eda. Batiska\",\"description\":\"espacio donde la danza y el circo se entrelazan para crear espect\u00e1culos memorables y talleres llenos de creatividad y movimiento.\",\"potentialAction\":[{\"@type\":\"SearchAction\",\"target\":{\"@type\":\"EntryPoint\",\"urlTemplate\":\"https:\\\/\\\/ciabatiska.com\\\/?s={search_term_string}\"},\"query-input\":{\"@type\":\"PropertyValueSpecification\",\"valueRequired\":true,\"valueName\":\"search_term_string\"}}],\"inLanguage\":\"en-GB\"}]}<\/script>\n<!-- \/ Yoast SEO plugin. -->","yoast_head_json":{"title":"Aquellos a\u00f1os 20 - C\u00eda. Batiska","robots":{"index":"noindex","follow":"follow"},"og_locale":"en_GB","og_type":"article","og_title":"Aquellos a\u00f1os 20 - C\u00eda. Batiska","og_description":"Aquellos a\u00f1os 20 espect\u00e1culo Un homenaje al circo vintage con alma de jazz El circo se viste de gala! \u2018Aquellos a\u00f1os 20\u2019 revive la magia del vintage con malabares swing, equilibrios de \u00e9poca y la energ\u00eda de un jazz que no se apaga. Ideal para festivales, teatros y eventos con alma retro. -DOSSIER-AGENDA https:\/\/www.youtube.com\/watch?v=WAKqcWv9vSE","og_url":"https:\/\/ciabatiska.com\/en\/aquellos-anos-20\/","og_site_name":"C\u00eda. Batiska","article_modified_time":"2025-07-16T13:22:59+00:00","og_image":[{"url":"https:\/\/ciabatiska.com\/wp-content\/uploads\/elementor\/thumbs\/WhatsApp-Image-2025-03-03-at-11.23.06-1-r2o4wqqcmayv2qbkbn8v2j0ncurx9pymaltelhz24o.jpeg","type":"","width":"","height":""}],"twitter_card":"summary_large_image","twitter_misc":{"Estimated reading time":"1 minute"},"schema":{"@context":"https:\/\/schema.org","@graph":[{"@type":"WebPage","@id":"https:\/\/ciabatiska.com\/aquellos-anos-20\/","url":"https:\/\/ciabatiska.com\/aquellos-anos-20\/","name":"Aquellos a\u00f1os 20 - C\u00eda. Batiska","isPartOf":{"@id":"https:\/\/ciabatiska.com\/#website"},"primaryImageOfPage":{"@id":"https:\/\/ciabatiska.com\/aquellos-anos-20\/#primaryimage"},"image":{"@id":"https:\/\/ciabatiska.com\/aquellos-anos-20\/#primaryimage"},"thumbnailUrl":"https:\/\/ciabatiska.com\/wp-content\/uploads\/elementor\/thumbs\/WhatsApp-Image-2025-03-03-at-11.23.06-1-r2o4wqqcmayv2qbkbn8v2j0ncurx9pymaltelhz24o.jpeg","datePublished":"2025-04-01T15:19:02+00:00","dateModified":"2025-07-16T13:22:59+00:00","breadcrumb":{"@id":"https:\/\/ciabatiska.com\/aquellos-anos-20\/#breadcrumb"},"inLanguage":"en-GB","potentialAction":[{"@type":"ReadAction","target":["https:\/\/ciabatiska.com\/aquellos-anos-20\/"]}]},{"@type":"ImageObject","inLanguage":"en-GB","@id":"https:\/\/ciabatiska.com\/aquellos-anos-20\/#primaryimage","url":"https:\/\/ciabatiska.com\/wp-content\/uploads\/elementor\/thumbs\/WhatsApp-Image-2025-03-03-at-11.23.06-1-r2o4wqqcmayv2qbkbn8v2j0ncurx9pymaltelhz24o.jpeg","contentUrl":"https:\/\/ciabatiska.com\/wp-content\/uploads\/elementor\/thumbs\/WhatsApp-Image-2025-03-03-at-11.23.06-1-r2o4wqqcmayv2qbkbn8v2j0ncurx9pymaltelhz24o.jpeg"},{"@type":"BreadcrumbList","@id":"https:\/\/ciabatiska.com\/aquellos-anos-20\/#breadcrumb","itemListElement":[{"@type":"ListItem","position":1,"name":"Portada","item":"https:\/\/ciabatiska.com\/"},{"@type":"ListItem","position":2,"name":"Aquellos a\u00f1os 20"}]},{"@type":"WebSite","@id":"https:\/\/ciabatiska.com\/#website","url":"https:\/\/ciabatiska.com\/","name":"C\u00eda. Batiska","description":"espacio donde la danza y el circo se entrelazan para crear espect\u00e1culos memorables y talleres llenos de creatividad y movimiento.","potentialAction":[{"@type":"SearchAction","target":{"@type":"EntryPoint","urlTemplate":"https:\/\/ciabatiska.com\/?s={search_term_string}"},"query-input":{"@type":"PropertyValueSpecification","valueRequired":true,"valueName":"search_term_string"}}],"inLanguage":"en-GB"}]}},"_links":{"self":[{"href":"https:\/\/ciabatiska.com\/en\/wp-json\/wp\/v2\/pages\/408","targetHints":{"allow":["GET"]}}],"collection":[{"href":"https:\/\/ciabatiska.com\/en\/wp-json\/wp\/v2\/pages"}],"about":[{"href":"https:\/\/ciabatiska.com\/en\/wp-json\/wp\/v2\/types\/page"}],"author":[{"embeddable":true,"href":"https:\/\/ciabatiska.com\/en\/wp-json\/wp\/v2\/users\/12"}],"replies":[{"embeddable":true,"href":"https:\/\/ciabatiska.com\/en\/wp-json\/wp\/v2\/comments?post=408"}],"version-history":[{"count":39,"href":"https:\/\/ciabatiska.com\/en\/wp-json\/wp\/v2\/pages\/408\/revisions"}],"predecessor-version":[{"id":1246,"href":"https:\/\/ciabatiska.com\/en\/wp-json\/wp\/v2\/pages\/408\/revisions\/1246"}],"wp:attachment":[{"href":"https:\/\/ciabatiska.com\/en\/wp-json\/wp\/v2\/media?parent=408"}],"curies":[{"name":"wp","href":"https:\/\/api.w.org\/{rel}","templated":true}]}}